{"id":1010,"date":"2026-03-19T12:18:21","date_gmt":"2026-03-19T11:18:21","guid":{"rendered":"https:\/\/holistickp.pl\/?page_id=1010"},"modified":"2026-03-19T12:54:15","modified_gmt":"2026-03-19T11:54:15","slug":"fototerapia","status":"publish","type":"page","link":"https:\/\/holistickp.pl\/en\/zabiegi\/kosmetologia\/fototerapia\/","title":{"rendered":"Fototerapia"},"content":{"rendered":"<section class=\"section\" id=\"section_1592673663\">\n\t\t<div class=\"bg section-bg fill bg-fill  bg-loaded\" >\n\n\t\t\t\n\t\t\t\n\t\t\t\n\n\t\t<\/div>\n\n\t\t\n\n\t\t<div class=\"section-content relative\">\n\t\t\t\n\n<div class=\"row row-collapse\"  id=\"row-1463033714\">\n\n\n\t<div id=\"col-1827645173\" class=\"col small-12 large-12\"  >\n\t\t\t\t<div class=\"col-inner\"  >\n\t\t\t\n\t\t\t\n\n\t<div id=\"text-2125442351\" class=\"text\">\n\t\t\n\n<h1>FOTOTERAPIA<\/h1>\n<div id=\"gtx-trans\" style=\"position: absolute; left: 61px; top: 33.3906px;\">\n<div class=\"gtx-trans-icon\">\u00a0<\/div>\n<\/div>\n\n\t\t\n<style>\n#text-2125442351 {\n  font-size: 1.4rem;\n  text-align: center;\n}\n<\/style>\n\t<\/div>\n\t\n\n\t\t<\/div>\n\t\t\t\t\t<\/div>\n\n\t\n\n<\/div>\n\n\t\t<\/div>\n\n\t\t\n<style>\n#section_1592673663 {\n  padding-top: 10px;\n  padding-bottom: 10px;\n}\n<\/style>\n\t<\/section>\n\t\n\t<section class=\"section\" id=\"section_12767302\">\n\t\t<div class=\"bg section-bg fill bg-fill  bg-loaded\" >\n\n\t\t\t\n\t\t\t\n\t\t\t\n\n\t\t<\/div>\n\n\t\t\n\n\t\t<div class=\"section-content relative\">\n\t\t\t\n\n<div class=\"row\"  id=\"row-1385354063\">\n\n\n\t<div id=\"col-268886992\" class=\"col medium-6 small-12 large-6\"  >\n\t\t\t\t<div class=\"col-inner box-shadow-3\"  >\n\t\t\t\n\t\t\t\n\n\n\t\t<div class=\"icon-box featured-box icon-box-left text-left\"  >\n\t\t\t\t\t<div class=\"icon-box-img\" style=\"width: 60px\">\n\t\t\t\t<div class=\"icon\">\n\t\t\t\t\t<div class=\"icon-inner\" >\n\t\t\t\t\t\t<img loading=\"lazy\" decoding=\"async\" width=\"200\" height=\"200\" src=\"https:\/\/holistickp.pl\/wp-content\/uploads\/2024\/07\/wskazania-icon-1.png\" class=\"attachment-medium size-medium\" alt=\"ikonka zielonej strza\u0142ki skierowanej w prawo\" srcset=\"https:\/\/holistickp.pl\/wp-content\/uploads\/2024\/07\/wskazania-icon-1.png 200w, https:\/\/holistickp.pl\/wp-content\/uploads\/2024\/07\/wskazania-icon-1-150x150.png 150w, https:\/\/holistickp.pl\/wp-content\/uploads\/2024\/07\/wskazania-icon-1-12x12.png 12w, https:\/\/holistickp.pl\/wp-content\/uploads\/2024\/07\/wskazania-icon-1-100x100.png 100w\" sizes=\"auto, (max-width: 200px) 100vw, 200px\" \/>\t\t\t\t\t<\/div>\n\t\t\t\t<\/div>\n\t\t\t<\/div>\n\t\t\t\t<div class=\"icon-box-text last-reset\">\n\t\t\t\t\t\t\t\t\t\n\n<h3>INSULTS<\/h3>\n<ul>\n<li>Sk\u00f3ra zanieczyszczona, szara  <\/li>\n<li>Tr\u0105dzik, zask\u00f3rniki, rozszerzone pory,<\/li>\n<li>Nier\u00f3wny koloryt <\/li>\n<li>Przebarwienia<\/li>\n<li>First signs of ageing<\/li>\n<li>Rumie\u0144 <\/li>\n<\/ul>\n\n\t\t<\/div>\n\t<\/div>\n\t\n\t\n\t<div id=\"gap-173843058\" class=\"gap-element clearfix\" style=\"display:block; height:auto;\">\n\t\t\n<style>\n#gap-173843058 {\n  padding-top: 50px;\n}\n<\/style>\n\t<\/div>\n\t\n\n\n\t\t<div class=\"icon-box featured-box icon-box-left text-left\"  >\n\t\t\t\t\t<div class=\"icon-box-img\" style=\"width: 60px\">\n\t\t\t\t<div class=\"icon\">\n\t\t\t\t\t<div class=\"icon-inner\" >\n\t\t\t\t\t\t<img loading=\"lazy\" decoding=\"async\" width=\"200\" height=\"200\" src=\"https:\/\/holistickp.pl\/wp-content\/uploads\/2024\/08\/icon-efect.png\" class=\"attachment-medium size-medium\" alt=\"zielona ikonka diamentu\" srcset=\"https:\/\/holistickp.pl\/wp-content\/uploads\/2024\/08\/icon-efect.png 200w, https:\/\/holistickp.pl\/wp-content\/uploads\/2024\/08\/icon-efect-150x150.png 150w, https:\/\/holistickp.pl\/wp-content\/uploads\/2024\/08\/icon-efect-12x12.png 12w, https:\/\/holistickp.pl\/wp-content\/uploads\/2024\/08\/icon-efect-100x100.png 100w\" sizes=\"auto, (max-width: 200px) 100vw, 200px\" \/>\t\t\t\t\t<\/div>\n\t\t\t\t<\/div>\n\t\t\t<\/div>\n\t\t\t\t<div class=\"icon-box-text last-reset\">\n\t\t\t\t\t\t\t\t\t\n\n<h3>EFFECTS<\/h3>\n<ul>\n<li>Wyg\u0142adzenie i roz\u015bwietlenie sk\u00f3ry <\/li>\n<li>Redukcja niedoskona\u0142o\u015bci<\/li>\n<li>Poprawa kolorytu <\/li>\n<li>Regeneracja sk\u00f3ry <\/li>\n<li>Muscle relaxation <\/li>\n<\/ul>\n\n\t\t<\/div>\n\t<\/div>\n\t\n\t\n\n\t\t<\/div>\n\t\t\t\t\n<style>\n#col-268886992 > .col-inner {\n  padding: 30px 20px 30px 20px;\n}\n<\/style>\n\t<\/div>\n\n\t\n\n\t<div id=\"col-1638069723\" class=\"col medium-6 small-12 large-6\"  >\n\t\t\t\t<div class=\"col-inner\"  >\n\t\t\t\n\t\t\t\n\n\t<div id=\"text-1180701116\" class=\"text\">\n\t\t\n\n<h4><strong>Autorski zabieg kwasowy z terapi\u0105 \u015bwiat\u0142em LED (twarz+szyja).<\/strong><\/h4>\n<p>Zabieg \u0142\u0105czy indywidualnie dobrany peeling kwasowy z terapi\u0105 \u015bwiat\u0142em LED, zapewniaj\u0105c skuteczne, a jednocze\u015bnie bezpieczne dzia\u0142anie na sk\u00f3r\u0119. Kontrolowane z\u0142uszczanie usuwa martwy nask\u00f3rek, oczyszcza pory i wyr\u00f3wnuje koloryt, a \u015bwiat\u0142o LED przyspiesza regeneracj\u0119, wycisza sk\u00f3r\u0119 i wzmacnia efekty zabiegu.<\/p>\n<p>Terapia LED dobierana jest do potrzeb sk\u00f3ry (dzia\u0142anie regeneruj\u0105ce, antybakteryjne, rozja\u015bniaj\u0105ce lub \u0142agodz\u0105ce). Zabieg jest komfortowy, nie powoduje nadwra\u017cliwo\u015bci i mo\u017ce byc wykonywany jednorazowo lub w serii.<\/p>\n\t\t\n<style>\n#text-1180701116 {\n  font-size: 1rem;\n}\n@media (min-width:550px) {\n  #text-1180701116 {\n    font-size: 1rem;\n  }\n}\n@media (min-width:850px) {\n  #text-1180701116 {\n    font-size: 1.5rem;\n  }\n}\n<\/style>\n\t<\/div>\n\t\n\n\t\t<\/div>\n\t\t\t\t\t<\/div>\n\n\t\n\n<\/div>\n\n\t\t<\/div>\n\n\t\t\n<style>\n#section_12767302 {\n  padding-top: 30px;\n  padding-bottom: 30px;\n}\n<\/style>\n\t<\/section>","protected":false},"excerpt":{"rendered":"","protected":false},"author":1,"featured_media":0,"parent":306,"menu_order":0,"comment_status":"closed","ping_status":"closed","template":"page-blank.php","meta":{"footnotes":""},"class_list":["post-1010","page","type-page","status-publish","hentry"],"_links":{"self":[{"href":"https:\/\/holistickp.pl\/en\/wp-json\/wp\/v2\/pages\/1010","targetHints":{"allow":["GET"]}}],"collection":[{"href":"https:\/\/holistickp.pl\/en\/wp-json\/wp\/v2\/pages"}],"about":[{"href":"https:\/\/holistickp.pl\/en\/wp-json\/wp\/v2\/types\/page"}],"author":[{"embeddable":true,"href":"https:\/\/holistickp.pl\/en\/wp-json\/wp\/v2\/users\/1"}],"replies":[{"embeddable":true,"href":"https:\/\/holistickp.pl\/en\/wp-json\/wp\/v2\/comments?post=1010"}],"version-history":[{"count":4,"href":"https:\/\/holistickp.pl\/en\/wp-json\/wp\/v2\/pages\/1010\/revisions"}],"predecessor-version":[{"id":1017,"href":"https:\/\/holistickp.pl\/en\/wp-json\/wp\/v2\/pages\/1010\/revisions\/1017"}],"up":[{"embeddable":true,"href":"https:\/\/holistickp.pl\/en\/wp-json\/wp\/v2\/pages\/306"}],"wp:attachment":[{"href":"https:\/\/holistickp.pl\/en\/wp-json\/wp\/v2\/media?parent=1010"}],"curies":[{"name":"wp","href":"https:\/\/api.w.org\/{rel}","templated":true}]}}