{"id":1025,"date":"2026-03-19T14:08:19","date_gmt":"2026-03-19T13:08:19","guid":{"rendered":"https:\/\/holistickp.pl\/?page_id=1025"},"modified":"2026-03-19T14:08:41","modified_gmt":"2026-03-19T13:08:41","slug":"laser-alma","status":"publish","type":"page","link":"https:\/\/holistickp.pl\/en\/zabiegi\/zabiegi-laserowe\/laser-alma\/","title":{"rendered":"Laser Alma"},"content":{"rendered":"<section class=\"section\" id=\"section_1252346604\">\n\t\t<div class=\"bg section-bg fill bg-fill  bg-loaded\" >\n\n\t\t\t\n\t\t\t\n\t\t\t\n\n\t\t<\/div>\n\n\t\t\n\n\t\t<div class=\"section-content relative\">\n\t\t\t\n\n<div class=\"row row-collapse\"  id=\"row-646083778\">\n\n\n\t<div id=\"col-757268041\" class=\"col small-12 large-12\"  >\n\t\t\t\t<div class=\"col-inner\"  >\n\t\t\t\n\t\t\t\n\n\t<div id=\"text-3071418262\" class=\"text\">\n\t\t\n\n<h1>LASER ALMA <\/h1>\n<div id=\"gtx-trans\" style=\"position: absolute; left: 61px; top: 33.3906px;\">\n<div class=\"gtx-trans-icon\">\u00a0<\/div>\n<\/div>\n\n\t\t\n<style>\n#text-3071418262 {\n  font-size: 1.4rem;\n  text-align: center;\n}\n<\/style>\n\t<\/div>\n\t\n\n\t\t<\/div>\n\t\t\t\t\t<\/div>\n\n\t\n\n<\/div>\n\n\t\t<\/div>\n\n\t\t\n<style>\n#section_1252346604 {\n  padding-top: 10px;\n  padding-bottom: 10px;\n}\n<\/style>\n\t<\/section>\n\t\n\t<section class=\"section\" id=\"section_1143213683\">\n\t\t<div class=\"bg section-bg fill bg-fill  bg-loaded\" >\n\n\t\t\t\n\t\t\t\n\t\t\t\n\n\t\t<\/div>\n\n\t\t\n\n\t\t<div class=\"section-content relative\">\n\t\t\t\n\n<div class=\"row\"  id=\"row-180622388\">\n\n\n\t<div id=\"col-517694907\" class=\"col medium-6 small-12 large-6\"  >\n\t\t\t\t<div class=\"col-inner box-shadow-3\"  >\n\t\t\t\n\t\t\t\n\n\n\t\t<div class=\"icon-box featured-box icon-box-left text-left\"  >\n\t\t\t\t\t<div class=\"icon-box-img\" style=\"width: 60px\">\n\t\t\t\t<div class=\"icon\">\n\t\t\t\t\t<div class=\"icon-inner\" >\n\t\t\t\t\t\t<img loading=\"lazy\" decoding=\"async\" width=\"200\" height=\"200\" src=\"https:\/\/holistickp.pl\/wp-content\/uploads\/2024\/07\/wskazania-icon-1.png\" class=\"attachment-medium size-medium\" alt=\"ikonka zielonej strza\u0142ki skierowanej w prawo\" srcset=\"https:\/\/holistickp.pl\/wp-content\/uploads\/2024\/07\/wskazania-icon-1.png 200w, https:\/\/holistickp.pl\/wp-content\/uploads\/2024\/07\/wskazania-icon-1-150x150.png 150w, https:\/\/holistickp.pl\/wp-content\/uploads\/2024\/07\/wskazania-icon-1-12x12.png 12w, https:\/\/holistickp.pl\/wp-content\/uploads\/2024\/07\/wskazania-icon-1-100x100.png 100w\" sizes=\"auto, (max-width: 200px) 100vw, 200px\" \/>\t\t\t\t\t<\/div>\n\t\t\t\t<\/div>\n\t\t\t<\/div>\n\t\t\t\t<div class=\"icon-box-text last-reset\">\n\t\t\t\t\t\t\t\t\t\n\n<h3>INSULTS<\/h3>\n<ul>\n<li>rumie\u0144<\/li>\n<li>rozszerzone naczynka<\/li>\n<li>tr\u0105dzik r\u00f3\u017cowaty<\/li>\n<li>zmiany rubinowe<\/li>\n<li>discolourations<\/li>\n<li>plamy starcze<\/li>\n<li>wiotko\u015b\u0107 sk\u00f3ry (fotostarzenie)<\/li>\n<\/ul>\n\n\n\t\t<\/div>\n\t<\/div>\n\t\n\t\n\t<div id=\"gap-1367585608\" class=\"gap-element clearfix\" style=\"display:block; height:auto;\">\n\t\t\n<style>\n#gap-1367585608 {\n  padding-top: 50px;\n}\n<\/style>\n\t<\/div>\n\t\n\n\n\n\t\t<\/div>\n\t\t\t\t\n<style>\n#col-517694907 > .col-inner {\n  padding: 30px 20px 30px 20px;\n}\n<\/style>\n\t<\/div>\n\n\t\n\n\t<div id=\"col-1700317644\" class=\"col medium-6 small-12 large-6\"  >\n\t\t\t\t<div class=\"col-inner\"  >\n\t\t\t\n\t\t\t\n\n\t<div id=\"text-3060833940\" class=\"text\">\n\t\t\n\n<h4><strong>Laser ALMA to certyfikowane urz\u0105dzenie medyczne wykorzystywane w nowoczesnej medycynie estetycznej do skutecznej terapii zmian naczyniowych oraz przebarwie\u0144. Technologia oparta na \u015bwietle IPL, AFT\u2122 oraz podczerwieni (NIR) pozwala precyzyjnie dopasowa\u0107 parametry zabiegu do problemu sk\u00f3ry, zapewniaj\u0105c wysok\u0105 skuteczno\u015b\u0107 i bezpiecze\u0144stwo.<\/strong><\/h4>\n<p>Podczas zabiegu emitowana jest wi\u0105zka \u015bwiat\u0142a, kt\u00f3ra selektywnie dzia\u0142a na hemoglobin\u0119 (w przypadku rumienia i naczynek) lub melanin\u0119 (w przypadku przebarwie\u0144). W terapii rumienia i zmian naczyniowych dochodzi do zamkni\u0119cia rozszerzonych naczy\u0144 krwiono\u015bnych i stopniowej redukcji zaczerwienienia. W przypadku przebarwie\u0144 \u015bwiat\u0142o rozbija nagromadzony barwnik, co prowadzi do ich rozja\u015bnienia i usuni\u0119cia oraz wyr\u00f3wnania kolorytu sk\u00f3ry.<\/p>\n<p>Dodatkowo zabieg stymuluje produkcj\u0119 kolagenu, poprawiaj\u0105c napi\u0119cie i jako\u015b\u0107 sk\u00f3ry.<\/p>\n\n\t\t\n<style>\n#text-3060833940 {\n  font-size: 1rem;\n}\n@media (min-width:550px) {\n  #text-3060833940 {\n    font-size: 1rem;\n  }\n}\n@media (min-width:850px) {\n  #text-3060833940 {\n    font-size: 1.5rem;\n  }\n}\n<\/style>\n\t<\/div>\n\t\n\n\t\t<\/div>\n\t\t\t\t\t<\/div>\n\n\t\n\n<\/div>\n\n\t\t<\/div>\n\n\t\t\n<style>\n#section_1143213683 {\n  padding-top: 30px;\n  padding-bottom: 30px;\n}\n<\/style>\n\t<\/section>","protected":false},"excerpt":{"rendered":"","protected":false},"author":1,"featured_media":0,"parent":1021,"menu_order":0,"comment_status":"closed","ping_status":"closed","template":"page-blank.php","meta":{"footnotes":""},"class_list":["post-1025","page","type-page","status-publish","hentry"],"_links":{"self":[{"href":"https:\/\/holistickp.pl\/en\/wp-json\/wp\/v2\/pages\/1025","targetHints":{"allow":["GET"]}}],"collection":[{"href":"https:\/\/holistickp.pl\/en\/wp-json\/wp\/v2\/pages"}],"about":[{"href":"https:\/\/holistickp.pl\/en\/wp-json\/wp\/v2\/types\/page"}],"author":[{"embeddable":true,"href":"https:\/\/holistickp.pl\/en\/wp-json\/wp\/v2\/users\/1"}],"replies":[{"embeddable":true,"href":"https:\/\/holistickp.pl\/en\/wp-json\/wp\/v2\/comments?post=1025"}],"version-history":[{"count":2,"href":"https:\/\/holistickp.pl\/en\/wp-json\/wp\/v2\/pages\/1025\/revisions"}],"predecessor-version":[{"id":1027,"href":"https:\/\/holistickp.pl\/en\/wp-json\/wp\/v2\/pages\/1025\/revisions\/1027"}],"up":[{"embeddable":true,"href":"https:\/\/holistickp.pl\/en\/wp-json\/wp\/v2\/pages\/1021"}],"wp:attachment":[{"href":"https:\/\/holistickp.pl\/en\/wp-json\/wp\/v2\/media?parent=1025"}],"curies":[{"name":"wp","href":"https:\/\/api.w.org\/{rel}","templated":true}]}}