{"id":1028,"date":"2026-03-19T14:12:30","date_gmt":"2026-03-19T13:12:30","guid":{"rendered":"https:\/\/holistickp.pl\/?page_id=1028"},"modified":"2026-03-19T15:51:59","modified_gmt":"2026-03-19T14:51:59","slug":"laser-tulowy","status":"publish","type":"page","link":"https:\/\/holistickp.pl\/en\/zabiegi\/zabiegi-laserowe\/laser-tulowy\/","title":{"rendered":"Laser Tulowy"},"content":{"rendered":"<section class=\"section\" id=\"section_1651656999\">\n\t\t<div class=\"bg section-bg fill bg-fill  bg-loaded\" >\n\n\t\t\t\n\t\t\t\n\t\t\t\n\n\t\t<\/div>\n\n\t\t\n\n\t\t<div class=\"section-content relative\">\n\t\t\t\n\n<div class=\"row row-collapse\"  id=\"row-1243450875\">\n\n\n\t<div id=\"col-123100253\" class=\"col small-12 large-12\"  >\n\t\t\t\t<div class=\"col-inner\"  >\n\t\t\t\n\t\t\t\n\n\t<div id=\"text-1320394957\" class=\"text\">\n\t\t\n\n<h1>LASER TULOWY <\/h1>\n<div id=\"gtx-trans\" style=\"position: absolute; left: 61px; top: 33.3906px;\">\n<div class=\"gtx-trans-icon\">\u00a0<\/div>\n<\/div>\n\n\t\t\n<style>\n#text-1320394957 {\n  font-size: 1.4rem;\n  text-align: center;\n}\n<\/style>\n\t<\/div>\n\t\n\n\t\t<\/div>\n\t\t\t\t\t<\/div>\n\n\t\n\n<\/div>\n\n\t\t<\/div>\n\n\t\t\n<style>\n#section_1651656999 {\n  padding-top: 10px;\n  padding-bottom: 10px;\n}\n<\/style>\n\t<\/section>\n\t\n\t<section class=\"section\" id=\"section_381288469\">\n\t\t<div class=\"bg section-bg fill bg-fill  bg-loaded\" >\n\n\t\t\t\n\t\t\t\n\t\t\t\n\n\t\t<\/div>\n\n\t\t\n\n\t\t<div class=\"section-content relative\">\n\t\t\t\n\n<div class=\"row\"  id=\"row-2033665071\">\n\n\n\t<div id=\"col-489510376\" class=\"col medium-6 small-12 large-6\"  >\n\t\t\t\t<div class=\"col-inner box-shadow-3\"  >\n\t\t\t\n\t\t\t\n\n\n\t\t<div class=\"icon-box featured-box icon-box-left text-left\"  >\n\t\t\t\t\t<div class=\"icon-box-img\" style=\"width: 60px\">\n\t\t\t\t<div class=\"icon\">\n\t\t\t\t\t<div class=\"icon-inner\" >\n\t\t\t\t\t\t<img loading=\"lazy\" decoding=\"async\" width=\"200\" height=\"200\" src=\"https:\/\/holistickp.pl\/wp-content\/uploads\/2024\/07\/wskazania-icon-1.png\" class=\"attachment-medium size-medium\" alt=\"ikonka zielonej strza\u0142ki skierowanej w prawo\" srcset=\"https:\/\/holistickp.pl\/wp-content\/uploads\/2024\/07\/wskazania-icon-1.png 200w, https:\/\/holistickp.pl\/wp-content\/uploads\/2024\/07\/wskazania-icon-1-150x150.png 150w, https:\/\/holistickp.pl\/wp-content\/uploads\/2024\/07\/wskazania-icon-1-12x12.png 12w, https:\/\/holistickp.pl\/wp-content\/uploads\/2024\/07\/wskazania-icon-1-100x100.png 100w\" sizes=\"auto, (max-width: 200px) 100vw, 200px\" \/>\t\t\t\t\t<\/div>\n\t\t\t\t<\/div>\n\t\t\t<\/div>\n\t\t\t\t<div class=\"icon-box-text last-reset\">\n\t\t\t\t\t\t\t\t\t\n\n<h3>INSULTS<\/h3>\n<ul>\n<li>Przebarwienia sk\u00f3rne, takie jak melasma, plamy s\u0142oneczne b\u0105d\u017a przebarwienia pozapalne<\/li>\n<li>Zmarszczki i drobne linie mimiczne<\/li>\n<li>Blizny potr\u0105dzikowe i nier\u00f3wna tekstura sk\u00f3ry<\/li>\n<li>Rozszerzone pory i nadmierne wydzielanie sebum<\/li>\n<li>Utrata j\u0119drno\u015bci i elastyczno\u015bci sk\u00f3ry<\/li>\n<\/ul>\n\n\n\t\t<\/div>\n\t<\/div>\n\t\n\t\n\t<div id=\"gap-164052466\" class=\"gap-element clearfix\" style=\"display:block; height:auto;\">\n\t\t\n<style>\n#gap-164052466 {\n  padding-top: 50px;\n}\n<\/style>\n\t<\/div>\n\t\n\n\n\n\t\t<\/div>\n\t\t\t\t\n<style>\n#col-489510376 > .col-inner {\n  padding: 30px 20px 30px 20px;\n}\n<\/style>\n\t<\/div>\n\n\t\n\n\t<div id=\"col-1807426383\" class=\"col medium-6 small-12 large-6\"  >\n\t\t\t\t<div class=\"col-inner\"  >\n\t\t\t\n\t\t\t\n\n\t<div id=\"text-2813724576\" class=\"text\">\n\t\t\n\n<h4><strong>Laser tulowy to innowacyjna technologia, kt\u00f3ra skutecznie redukuje przebarwienia, wyr\u00f3wnuje koloryt sk\u00f3ry i poprawia jej struktur\u0119.<\/strong><\/h4>\n<p>Dzi\u0119ki precyzyjnemu dzia\u0142aniu na poziomie nask\u00f3rka i g\u00f3rnych warstw sk\u00f3ry w\u0142a\u015bciwej, zabieg jest idealnym rozwi\u0105zaniem dla os\u00f3b pragn\u0105cych odm\u0142odzi\u0107 sk\u00f3r\u0119 i przywr\u00f3ci\u0107 jej naturalny blask. Rozwi\u0105zanie to minimalizuje ryzyko podra\u017cnie\u0144 i znacznie skraca czas rekonwalescencji. <\/p>\n\n\t\t\n<style>\n#text-2813724576 {\n  font-size: 1rem;\n}\n@media (min-width:550px) {\n  #text-2813724576 {\n    font-size: 1rem;\n  }\n}\n@media (min-width:850px) {\n  #text-2813724576 {\n    font-size: 1.5rem;\n  }\n}\n<\/style>\n\t<\/div>\n\t\n\n\t\t<\/div>\n\t\t\t\t\t<\/div>\n\n\t\n\n<\/div>\n\n\t\t<\/div>\n\n\t\t\n<style>\n#section_381288469 {\n  padding-top: 30px;\n  padding-bottom: 30px;\n}\n<\/style>\n\t<\/section>","protected":false},"excerpt":{"rendered":"","protected":false},"author":1,"featured_media":0,"parent":1021,"menu_order":0,"comment_status":"closed","ping_status":"closed","template":"page-blank.php","meta":{"footnotes":""},"class_list":["post-1028","page","type-page","status-publish","hentry"],"_links":{"self":[{"href":"https:\/\/holistickp.pl\/en\/wp-json\/wp\/v2\/pages\/1028","targetHints":{"allow":["GET"]}}],"collection":[{"href":"https:\/\/holistickp.pl\/en\/wp-json\/wp\/v2\/pages"}],"about":[{"href":"https:\/\/holistickp.pl\/en\/wp-json\/wp\/v2\/types\/page"}],"author":[{"embeddable":true,"href":"https:\/\/holistickp.pl\/en\/wp-json\/wp\/v2\/users\/1"}],"replies":[{"embeddable":true,"href":"https:\/\/holistickp.pl\/en\/wp-json\/wp\/v2\/comments?post=1028"}],"version-history":[{"count":2,"href":"https:\/\/holistickp.pl\/en\/wp-json\/wp\/v2\/pages\/1028\/revisions"}],"predecessor-version":[{"id":1030,"href":"https:\/\/holistickp.pl\/en\/wp-json\/wp\/v2\/pages\/1028\/revisions\/1030"}],"up":[{"embeddable":true,"href":"https:\/\/holistickp.pl\/en\/wp-json\/wp\/v2\/pages\/1021"}],"wp:attachment":[{"href":"https:\/\/holistickp.pl\/en\/wp-json\/wp\/v2\/media?parent=1028"}],"curies":[{"name":"wp","href":"https:\/\/api.w.org\/{rel}","templated":true}]}}