{"id":1043,"date":"2026-03-23T13:46:00","date_gmt":"2026-03-23T12:46:00","guid":{"rendered":"https:\/\/holistickp.pl\/?page_id=1043"},"modified":"2026-03-23T13:46:36","modified_gmt":"2026-03-23T12:46:36","slug":"fizjoterapia","status":"publish","type":"page","link":"https:\/\/holistickp.pl\/en\/zabiegi\/fizjoterapia\/","title":{"rendered":"Fizjoterapia"},"content":{"rendered":"<section class=\"section\" id=\"section_700532514\">\n\t\t<div class=\"bg section-bg fill bg-fill  bg-loaded\" >\n\n\t\t\t\n\t\t\t\n\t\t\t\n\n\t\t<\/div>\n\n\t\t\n\n\t\t<div class=\"section-content relative\">\n\t\t\t\n\n<div class=\"row row-collapse\"  id=\"row-2054429791\">\n\n\n\t<div id=\"col-707405133\" class=\"col small-12 large-12\"  >\n\t\t\t\t<div class=\"col-inner\"  >\n\t\t\t\n\t\t\t\n\n\t<div id=\"text-4047436737\" class=\"text\">\n\t\t\n\n<h1>FIZJOTERAPIA<\/h1>\n<div id=\"gtx-trans\" style=\"position: absolute; left: 61px; top: 33.3906px;\">\n<div class=\"gtx-trans-icon\">\u00a0<\/div>\n<\/div>\n\n\t\t\n<style>\n#text-4047436737 {\n  font-size: 1.4rem;\n  text-align: center;\n}\n<\/style>\n\t<\/div>\n\t\n\n\t\t<\/div>\n\t\t\t\t\t<\/div>\n\n\t\n\n<\/div>\n\n\t\t<\/div>\n\n\t\t\n<style>\n#section_700532514 {\n  padding-top: 10px;\n  padding-bottom: 10px;\n}\n<\/style>\n\t<\/section>\n\t\n\t<section class=\"section\" id=\"section_341976036\">\n\t\t<div class=\"bg section-bg fill bg-fill  bg-loaded\" >\n\n\t\t\t\n\t\t\t\n\t\t\t\n\n\t\t<\/div>\n\n\t\t\n\n\t\t<div class=\"section-content relative\">\n\t\t\t\n\n<div class=\"row\"  id=\"row-1892073032\">\n\n\n\t<div id=\"col-1255011756\" class=\"col medium-6 small-12 large-6\"  >\n\t\t\t\t<div class=\"col-inner box-shadow-3\"  >\n\t\t\t\n\t\t\t\n\n\n\t\t<div class=\"icon-box featured-box icon-box-left text-left\"  >\n\t\t\t\t\t<div class=\"icon-box-img\" style=\"width: 60px\">\n\t\t\t\t<div class=\"icon\">\n\t\t\t\t\t<div class=\"icon-inner\" >\n\t\t\t\t\t\t<img loading=\"lazy\" decoding=\"async\" width=\"200\" height=\"200\" src=\"https:\/\/holistickp.pl\/wp-content\/uploads\/2024\/07\/wskazania-icon-1.png\" class=\"attachment-medium size-medium\" alt=\"ikonka zielonej strza\u0142ki skierowanej w prawo\" srcset=\"https:\/\/holistickp.pl\/wp-content\/uploads\/2024\/07\/wskazania-icon-1.png 200w, https:\/\/holistickp.pl\/wp-content\/uploads\/2024\/07\/wskazania-icon-1-150x150.png 150w, https:\/\/holistickp.pl\/wp-content\/uploads\/2024\/07\/wskazania-icon-1-12x12.png 12w, https:\/\/holistickp.pl\/wp-content\/uploads\/2024\/07\/wskazania-icon-1-100x100.png 100w\" sizes=\"auto, (max-width: 200px) 100vw, 200px\" \/>\t\t\t\t\t<\/div>\n\t\t\t\t<\/div>\n\t\t\t<\/div>\n\t\t\t\t<div class=\"icon-box-text last-reset\">\n\t\t\t\t\t\t\t\t\t\n\n<h3>INSULTS<\/h3>\n<ul>\n<li>b\u00f3le mi\u0119\u015bniowe i stawowe<\/li>\n<li>napi\u0119cia mi\u0119\u015bniowe i stres<\/li>\n<li>siedz\u0105cy tryb \u017cycia<\/li>\n<li>przeci\u0105\u017cenia fizyczne<\/li>\n<li>urazy i stany pourazowe<\/li>\n<li>obrz\u0119ki i zaburzenia kr\u0105\u017cenia<\/li>\n<li>potrzeba regeneracji organizmu<\/li>\n<li>wsparcie zabieg\u00f3w medycyny estetycznej (np. poprawa ukrwienia i elastyczno\u015bci sk\u00f3ry)<\/li>\n<\/ul>\n\n\n\t\t<\/div>\n\t<\/div>\n\t\n\t\n\t<div id=\"gap-1455224103\" class=\"gap-element clearfix\" style=\"display:block; height:auto;\">\n\t\t\n<style>\n#gap-1455224103 {\n  padding-top: 50px;\n}\n<\/style>\n\t<\/div>\n\t\n\n\n\t\t<div class=\"icon-box featured-box icon-box-left text-left\"  >\n\t\t\t\t\t<div class=\"icon-box-img\" style=\"width: 60px\">\n\t\t\t\t<div class=\"icon\">\n\t\t\t\t\t<div class=\"icon-inner\" >\n\t\t\t\t\t\t<img loading=\"lazy\" decoding=\"async\" width=\"200\" height=\"200\" src=\"https:\/\/holistickp.pl\/wp-content\/uploads\/2024\/08\/icon-efect.png\" class=\"attachment-medium size-medium\" alt=\"zielona ikonka diamentu\" srcset=\"https:\/\/holistickp.pl\/wp-content\/uploads\/2024\/08\/icon-efect.png 200w, https:\/\/holistickp.pl\/wp-content\/uploads\/2024\/08\/icon-efect-150x150.png 150w, https:\/\/holistickp.pl\/wp-content\/uploads\/2024\/08\/icon-efect-12x12.png 12w, https:\/\/holistickp.pl\/wp-content\/uploads\/2024\/08\/icon-efect-100x100.png 100w\" sizes=\"auto, (max-width: 200px) 100vw, 200px\" \/>\t\t\t\t\t<\/div>\n\t\t\t\t<\/div>\n\t\t\t<\/div>\n\t\t\t\t<div class=\"icon-box-text last-reset\">\n\t\t\t\t\t\t\t\t\t\n\n<h3>EFEKTY ZABIEG\u00d3W<\/h3>\n<ul>\n<li>zmniejszenie b\u00f3lu i napi\u0119cia mi\u0119\u015bniowego<\/li>\n<li>poprawa kr\u0105\u017cenia krwi i limfy<\/li>\n<li>przyspieszenie regeneracji tkanek<\/li>\n<li>zwi\u0119kszenie elastyczno\u015bci mi\u0119\u015bni i sk\u00f3ry<\/li>\n<li>redukcja stresu i poprawa samopoczucia<\/li>\n<li>poprawa wygl\u0105du sk\u00f3ry (lepsze od\u017cywienie i dotlenienie)<\/li>\n<li>wsparcie efekt\u00f3w zabieg\u00f3w estetycznych<\/li>\n<\/ul>\n\n\n\t\t<\/div>\n\t<\/div>\n\t\n\t\n\n\t\t<\/div>\n\t\t\t\t\n<style>\n#col-1255011756 > .col-inner {\n  padding: 30px 20px 30px 20px;\n}\n<\/style>\n\t<\/div>\n\n\t\n\n\t<div id=\"col-1741184367\" class=\"col medium-6 small-12 large-6\"  >\n\t\t\t\t<div class=\"col-inner\"  >\n\t\t\t\n\t\t\t\n\n\t<div id=\"text-2155880690\" class=\"text\">\n\t\t\n\n<h4><strong>Jednym z podstawowych zabieg\u00f3w oferowanych w ramach fizjoterapii jest masa\u017c klasyczny.<\/strong><\/h4>\n<p> To sprawdzona metoda terapeutyczna, kt\u00f3ra polega na manualnym oddzia\u0142ywaniu na tkanki mi\u0119kkie \u2013 mi\u0119\u015bnie, sk\u00f3r\u0119 oraz tkank\u0119 podsk\u00f3rn\u0105. Masa\u017c ten mo\u017ce mie\u0107 charakter relaksacyjny, leczniczy lub regeneracyjny, w zale\u017cno\u015bci od potrzeb pacjenta. Fizjoterapeuta pracuje na ca\u0142ym ciele w zale\u017cno\u015bci od indywidualnych potrzeb oraz wskaza\u0144 okre\u015blonych po konsultacji w klinice.   <\/p>\n\n\t\t\n<style>\n#text-2155880690 {\n  font-size: 1rem;\n}\n@media (min-width:550px) {\n  #text-2155880690 {\n    font-size: 1rem;\n  }\n}\n@media (min-width:850px) {\n  #text-2155880690 {\n    font-size: 1.5rem;\n  }\n}\n<\/style>\n\t<\/div>\n\t\n\n\t\t<\/div>\n\t\t\t\t\t<\/div>\n\n\t\n\n<\/div>\n\n\t\t<\/div>\n\n\t\t\n<style>\n#section_341976036 {\n  padding-top: 30px;\n  padding-bottom: 30px;\n}\n<\/style>\n\t<\/section>","protected":false},"excerpt":{"rendered":"","protected":false},"author":1,"featured_media":0,"parent":250,"menu_order":0,"comment_status":"closed","ping_status":"closed","template":"page-blank.php","meta":{"footnotes":""},"class_list":["post-1043","page","type-page","status-publish","hentry"],"_links":{"self":[{"href":"https:\/\/holistickp.pl\/en\/wp-json\/wp\/v2\/pages\/1043","targetHints":{"allow":["GET"]}}],"collection":[{"href":"https:\/\/holistickp.pl\/en\/wp-json\/wp\/v2\/pages"}],"about":[{"href":"https:\/\/holistickp.pl\/en\/wp-json\/wp\/v2\/types\/page"}],"author":[{"embeddable":true,"href":"https:\/\/holistickp.pl\/en\/wp-json\/wp\/v2\/users\/1"}],"replies":[{"embeddable":true,"href":"https:\/\/holistickp.pl\/en\/wp-json\/wp\/v2\/comments?post=1043"}],"version-history":[{"count":3,"href":"https:\/\/holistickp.pl\/en\/wp-json\/wp\/v2\/pages\/1043\/revisions"}],"predecessor-version":[{"id":1046,"href":"https:\/\/holistickp.pl\/en\/wp-json\/wp\/v2\/pages\/1043\/revisions\/1046"}],"up":[{"embeddable":true,"href":"https:\/\/holistickp.pl\/en\/wp-json\/wp\/v2\/pages\/250"}],"wp:attachment":[{"href":"https:\/\/holistickp.pl\/en\/wp-json\/wp\/v2\/media?parent=1043"}],"curies":[{"name":"wp","href":"https:\/\/api.w.org\/{rel}","templated":true}]}}