{"id":595,"date":"2024-08-14T20:16:33","date_gmt":"2024-08-14T18:16:33","guid":{"rendered":"https:\/\/holistickp.pl\/?page_id=595"},"modified":"2025-12-11T18:00:42","modified_gmt":"2025-12-11T17:00:42","slug":"oczyszczanie-wodorowe-4","status":"publish","type":"page","link":"https:\/\/holistickp.pl\/en\/zabiegi\/kosmetologia\/oczyszczanie-wodorowe-4\/","title":{"rendered":"Oczyszczanie wodorowe"},"content":{"rendered":"<section class=\"section\" id=\"section_1947391165\">\n\t\t<div class=\"bg section-bg fill bg-fill  bg-loaded\" >\n\n\t\t\t\n\t\t\t\n\t\t\t\n\n\t\t<\/div>\n\n\t\t\n\n\t\t<div class=\"section-content relative\">\n\t\t\t\n\n<div class=\"row row-collapse\"  id=\"row-835309737\">\n\n\n\t<div id=\"col-1944635827\" class=\"col small-12 large-12\"  >\n\t\t\t\t<div class=\"col-inner\"  >\n\t\t\t\n\t\t\t\n\n\t<div id=\"text-3524489226\" class=\"text\">\n\t\t\n\n<h1>HYDROGEN PURIFICATION<\/h1>\n\t\t\n<style>\n#text-3524489226 {\n  font-size: 1.4rem;\n  text-align: center;\n}\n<\/style>\n\t<\/div>\n\t\n\n\t\t<\/div>\n\t\t\t\t\t<\/div>\n\n\t\n\n<\/div>\n\n\t\t<\/div>\n\n\t\t\n<style>\n#section_1947391165 {\n  padding-top: 10px;\n  padding-bottom: 10px;\n}\n<\/style>\n\t<\/section>\n\t\n\t<section class=\"section\" id=\"section_1682904681\">\n\t\t<div class=\"bg section-bg fill bg-fill  bg-loaded\" >\n\n\t\t\t\n\t\t\t\n\t\t\t\n\n\t\t<\/div>\n\n\t\t\n\n\t\t<div class=\"section-content relative\">\n\t\t\t\n\n<div class=\"row\"  id=\"row-1045773320\">\n\n\n\t<div id=\"col-1162686194\" class=\"col medium-6 small-12 large-6\"  >\n\t\t\t\t<div class=\"col-inner box-shadow-3\"  >\n\t\t\t\n\t\t\t\n\n\n\t\t<div class=\"icon-box featured-box icon-box-left text-left\"  >\n\t\t\t\t\t<div class=\"icon-box-img\" style=\"width: 60px\">\n\t\t\t\t<div class=\"icon\">\n\t\t\t\t\t<div class=\"icon-inner\" >\n\t\t\t\t\t\t<img loading=\"lazy\" decoding=\"async\" width=\"200\" height=\"200\" src=\"https:\/\/holistickp.pl\/wp-content\/uploads\/2024\/07\/wskazania-icon-1.png\" class=\"attachment-medium size-medium\" alt=\"ikonka zielonej strza\u0142ki skierowanej w prawo\" srcset=\"https:\/\/holistickp.pl\/wp-content\/uploads\/2024\/07\/wskazania-icon-1.png 200w, https:\/\/holistickp.pl\/wp-content\/uploads\/2024\/07\/wskazania-icon-1-150x150.png 150w, https:\/\/holistickp.pl\/wp-content\/uploads\/2024\/07\/wskazania-icon-1-12x12.png 12w, https:\/\/holistickp.pl\/wp-content\/uploads\/2024\/07\/wskazania-icon-1-100x100.png 100w\" sizes=\"auto, (max-width: 200px) 100vw, 200px\" \/>\t\t\t\t\t<\/div>\n\t\t\t\t<\/div>\n\t\t\t<\/div>\n\t\t\t\t<div class=\"icon-box-text last-reset\">\n\t\t\t\t\t\t\t\t\t\n\n<h3>INSULTS<\/h3>\n<ul>\n<li>All skin types <\/li>\n<li>Contaminated skin<\/li>\n<li>Oily, combination skin <\/li>\n<li>Blackheads, whiteheads<\/li>\n<li>Tired, dull skin <\/li>\n<li>Skin exposed to environmental pollutants <\/li>\n<li>First signs of ageing<\/li>\n<li>Sensitive skin<\/li>\n<li>Skin in need of cleansing<\/li>\n<\/ul>\n\n\t\t<\/div>\n\t<\/div>\n\t\n\t\n\t<div id=\"gap-1098949131\" class=\"gap-element clearfix\" style=\"display:block; height:auto;\">\n\t\t\n<style>\n#gap-1098949131 {\n  padding-top: 50px;\n}\n<\/style>\n\t<\/div>\n\t\n\n\n\t\t<div class=\"icon-box featured-box icon-box-left text-left\"  >\n\t\t\t\t\t<div class=\"icon-box-img\" style=\"width: 60px\">\n\t\t\t\t<div class=\"icon\">\n\t\t\t\t\t<div class=\"icon-inner\" >\n\t\t\t\t\t\t<img loading=\"lazy\" decoding=\"async\" width=\"200\" height=\"200\" src=\"https:\/\/holistickp.pl\/wp-content\/uploads\/2024\/08\/icon-efect.png\" class=\"attachment-medium size-medium\" alt=\"zielona ikonka diamentu\" srcset=\"https:\/\/holistickp.pl\/wp-content\/uploads\/2024\/08\/icon-efect.png 200w, https:\/\/holistickp.pl\/wp-content\/uploads\/2024\/08\/icon-efect-150x150.png 150w, https:\/\/holistickp.pl\/wp-content\/uploads\/2024\/08\/icon-efect-12x12.png 12w, https:\/\/holistickp.pl\/wp-content\/uploads\/2024\/08\/icon-efect-100x100.png 100w\" sizes=\"auto, (max-width: 200px) 100vw, 200px\" \/>\t\t\t\t\t<\/div>\n\t\t\t\t<\/div>\n\t\t\t<\/div>\n\t\t\t\t<div class=\"icon-box-text last-reset\">\n\t\t\t\t\t\t\t\t\t\n\n<h3>EFFECTS<\/h3>\n<ul>\n<li>Deep skin cleansing<\/li>\n<li>Moisturise and refresh the skin<\/li>\n<li>Combating free radicals <\/li>\n<li>Improving skin tone <\/li>\n<li>Reduction of inflammation <\/li>\n<li>Highlight <\/li>\n<li>Improving skin elasticity <\/li>\n<\/ul>\n\n\t\t<\/div>\n\t<\/div>\n\t\n\t\n\n\t\t<\/div>\n\t\t\t\t\n<style>\n#col-1162686194 > .col-inner {\n  padding: 30px 20px 30px 20px;\n}\n<\/style>\n\t<\/div>\n\n\t\n\n\t<div id=\"col-267876187\" class=\"col medium-6 small-12 large-6\"  >\n\t\t\t\t<div class=\"col-inner\"  >\n\t\t\t\n\t\t\t\n\n\t<div id=\"text-820446256\" class=\"text\">\n\t\t\n\n<h3><strong>Hydrogen cleansing is a modern, non-invasive cosmetological treatment<\/strong><\/h3>\n<p>Polega na dog\u0142\u0119bnym oczyszczeniu sk\u00f3ry przy u\u017cyciu aktywnego wodoru. Dzi\u0119ki swoim w\u0142a\u015bciwo\u015bciom antyoksydacyjnym wod\u00f3r skutecznie neutralizuje wolne rodniki, kt\u00f3re s\u0105 jedn\u0105 z g\u0142\u00f3wnych przyczyn starzenia si\u0119 sk\u00f3ry.<\/p>\n<p>This treatment is carried out using a specialised device that introduces hydrogen molecules deep into the skin, while removing impurities, dead skin cells and acting as an anti-free radical. Additionally, the cleansing process helps to remove impurities, sebum and cleanse pores, leaving the skin fresh, clean and better oxygenated.<\/p>\n<p>We offer a proprietary cleansing treatment created by the owner of Holistic - this procedure combines the power of hydrogen cleansing and chemical peels. The synergistic action makes it an unrivalled cleansing treatment, without irritating the skin.<\/p>\n\t\t\n<style>\n#text-820446256 {\n  font-size: 1rem;\n}\n@media (min-width:550px) {\n  #text-820446256 {\n    font-size: 1rem;\n  }\n}\n@media (min-width:850px) {\n  #text-820446256 {\n    font-size: 1.5rem;\n  }\n}\n<\/style>\n\t<\/div>\n\t\n<div class=\"row align-center\"  id=\"row-126335870\">\n\n\n\t<div id=\"col-533583653\" class=\"col small-12 large-12\"  >\n\t\t\t\t<div class=\"col-inner text-center\"  >\n\t\t\t\n\t\t\t\n\n<a href=\"https:\/\/booksy.com\/pl-pl\/99585_holistic-karolina-prus-clinic_medycyna-estetyczna_6832_lublin\" class=\"button primary\" target=\"_blank\" rel=\"noopener\">\n    <span>APPOINTMENT BOOKING<\/span>\n  <\/a>\n\n\n\n\t\t<\/div>\n\t\t\t\t\t<\/div>\n\n\t\n\n<\/div>\n\n\t\t<\/div>\n\t\t\t\t\t<\/div>\n\n\t\n\n<\/div>\n\n\t\t<\/div>\n\n\t\t\n<style>\n#section_1682904681 {\n  padding-top: 30px;\n  padding-bottom: 30px;\n}\n<\/style>\n\t<\/section>","protected":false},"excerpt":{"rendered":"","protected":false},"author":1,"featured_media":0,"parent":306,"menu_order":0,"comment_status":"closed","ping_status":"closed","template":"page-blank.php","meta":{"footnotes":""},"class_list":["post-595","page","type-page","status-publish","hentry"],"_links":{"self":[{"href":"https:\/\/holistickp.pl\/en\/wp-json\/wp\/v2\/pages\/595","targetHints":{"allow":["GET"]}}],"collection":[{"href":"https:\/\/holistickp.pl\/en\/wp-json\/wp\/v2\/pages"}],"about":[{"href":"https:\/\/holistickp.pl\/en\/wp-json\/wp\/v2\/types\/page"}],"author":[{"embeddable":true,"href":"https:\/\/holistickp.pl\/en\/wp-json\/wp\/v2\/users\/1"}],"replies":[{"embeddable":true,"href":"https:\/\/holistickp.pl\/en\/wp-json\/wp\/v2\/comments?post=595"}],"version-history":[{"count":6,"href":"https:\/\/holistickp.pl\/en\/wp-json\/wp\/v2\/pages\/595\/revisions"}],"predecessor-version":[{"id":969,"href":"https:\/\/holistickp.pl\/en\/wp-json\/wp\/v2\/pages\/595\/revisions\/969"}],"up":[{"embeddable":true,"href":"https:\/\/holistickp.pl\/en\/wp-json\/wp\/v2\/pages\/306"}],"wp:attachment":[{"href":"https:\/\/holistickp.pl\/en\/wp-json\/wp\/v2\/media?parent=595"}],"curies":[{"name":"wp","href":"https:\/\/api.w.org\/{rel}","templated":true}]}}