{"id":644,"date":"2024-11-14T19:35:14","date_gmt":"2024-11-14T18:35:14","guid":{"rendered":"https:\/\/holistickp.pl\/?page_id=644"},"modified":"2025-12-11T17:42:54","modified_gmt":"2025-12-11T16:42:54","slug":"kwas-hialuronowy-2","status":"publish","type":"page","link":"https:\/\/holistickp.pl\/en\/zabiegi\/medycyna-estetyczna\/kwas-hialuronowy-2\/","title":{"rendered":"Kwas hialuronowy"},"content":{"rendered":"<section class=\"section\" id=\"section_1450941046\">\n\t\t<div class=\"bg section-bg fill bg-fill  bg-loaded\" >\n\n\t\t\t\n\t\t\t\n\t\t\t\n\n\t\t<\/div>\n\n\t\t\n\n\t\t<div class=\"section-content relative\">\n\t\t\t\n\n<div class=\"row row-collapse\"  id=\"row-1171373383\">\n\n\n\t<div id=\"col-1461375320\" class=\"col small-12 large-12\"  >\n\t\t\t\t<div class=\"col-inner\"  >\n\t\t\t\n\t\t\t\n\n\t<div id=\"text-3130801866\" class=\"text\">\n\t\t\n\n<h1>HYALURONIC ACID<\/h1>\n\t\t\n<style>\n#text-3130801866 {\n  font-size: 1.4rem;\n  text-align: center;\n}\n<\/style>\n\t<\/div>\n\t\n\n\t\t<\/div>\n\t\t\t\t\t<\/div>\n\n\t\n\n<\/div>\n\n\t\t<\/div>\n\n\t\t\n<style>\n#section_1450941046 {\n  padding-top: 10px;\n  padding-bottom: 10px;\n}\n<\/style>\n\t<\/section>\n\t\n\t<section class=\"section\" id=\"section_426886123\">\n\t\t<div class=\"bg section-bg fill bg-fill  bg-loaded\" >\n\n\t\t\t\n\t\t\t\n\t\t\t\n\n\t\t<\/div>\n\n\t\t\n\n\t\t<div class=\"section-content relative\">\n\t\t\t\n\n<div class=\"row\"  id=\"row-1790369730\">\n\n\n\t<div id=\"col-1418417886\" class=\"col medium-6 small-12 large-6\"  >\n\t\t\t\t<div class=\"col-inner box-shadow-3\"  >\n\t\t\t\n\t\t\t\n\n\n\t\t<div class=\"icon-box featured-box icon-box-left text-left\"  >\n\t\t\t\t\t<div class=\"icon-box-img\" style=\"width: 60px\">\n\t\t\t\t<div class=\"icon\">\n\t\t\t\t\t<div class=\"icon-inner\" >\n\t\t\t\t\t\t<img loading=\"lazy\" decoding=\"async\" width=\"200\" height=\"200\" src=\"https:\/\/holistickp.pl\/wp-content\/uploads\/2024\/07\/time-icon-1.png\" class=\"attachment-medium size-medium\" alt=\"ikonka zegara\" srcset=\"https:\/\/holistickp.pl\/wp-content\/uploads\/2024\/07\/time-icon-1.png 200w, https:\/\/holistickp.pl\/wp-content\/uploads\/2024\/07\/time-icon-1-150x150.png 150w, https:\/\/holistickp.pl\/wp-content\/uploads\/2024\/07\/time-icon-1-12x12.png 12w, https:\/\/holistickp.pl\/wp-content\/uploads\/2024\/07\/time-icon-1-100x100.png 100w\" sizes=\"auto, (max-width: 200px) 100vw, 200px\" \/>\t\t\t\t\t<\/div>\n\t\t\t\t<\/div>\n\t\t\t<\/div>\n\t\t\t\t<div class=\"icon-box-text last-reset\">\n\t\t\t\t\t\t\t\t\t\n\n<h3>DURATION<\/h3>\n<ul>\n<li>90min<\/li>\n<\/ul>\n\n\t\t<\/div>\n\t<\/div>\n\t\n\t\n\t<div id=\"gap-32015982\" class=\"gap-element clearfix\" style=\"display:block; height:auto;\">\n\t\t\n<style>\n#gap-32015982 {\n  padding-top: 50px;\n}\n<\/style>\n\t<\/div>\n\t\n\n\n\t\t<div class=\"icon-box featured-box icon-box-left text-left\"  >\n\t\t\t\t\t<div class=\"icon-box-img\" style=\"width: 60px\">\n\t\t\t\t<div class=\"icon\">\n\t\t\t\t\t<div class=\"icon-inner\" >\n\t\t\t\t\t\t<img loading=\"lazy\" decoding=\"async\" width=\"200\" height=\"200\" src=\"https:\/\/holistickp.pl\/wp-content\/uploads\/2024\/07\/wskazania-icon-1.png\" class=\"attachment-medium size-medium\" alt=\"ikonka zielonej strza\u0142ki skierowanej w prawo\" srcset=\"https:\/\/holistickp.pl\/wp-content\/uploads\/2024\/07\/wskazania-icon-1.png 200w, https:\/\/holistickp.pl\/wp-content\/uploads\/2024\/07\/wskazania-icon-1-150x150.png 150w, https:\/\/holistickp.pl\/wp-content\/uploads\/2024\/07\/wskazania-icon-1-12x12.png 12w, https:\/\/holistickp.pl\/wp-content\/uploads\/2024\/07\/wskazania-icon-1-100x100.png 100w\" sizes=\"auto, (max-width: 200px) 100vw, 200px\" \/>\t\t\t\t\t<\/div>\n\t\t\t\t<\/div>\n\t\t\t<\/div>\n\t\t\t\t<div class=\"icon-box-text last-reset\">\n\t\t\t\t\t\t\t\t\t\n\n<h3>INSULTS<\/h3>\n<ul>\n<li>Utrata obj\u0119to\u015bci twarzy<\/li>\n<li>Modelowanie owalu twarzy<\/li>\n<li>Zapadni\u0119te skronie<\/li>\n<li>Ubytki ko\u015bci policzkowych<\/li>\n<li>Zapadni\u0119te obszary twarzy (oczy, policzki)<\/li>\n<li>Cofni\u0119ta broda<\/li>\n<li>Asymetria<\/li>\n<li>Nier\u00f3wny nos<\/li>\n<li>Niewidoczna linia \u017cuchwy<\/li>\n<li>Nieprawid\u0142owe proporcje twarzy<\/li>\n<\/ul>\n\n\t\t<\/div>\n\t<\/div>\n\t\n\t\n\t<div id=\"gap-991687751\" class=\"gap-element clearfix\" style=\"display:block; height:auto;\">\n\t\t\n<style>\n#gap-991687751 {\n  padding-top: 50px;\n}\n<\/style>\n\t<\/div>\n\t\n\n\n\t\t<div class=\"icon-box featured-box icon-box-left text-left\"  >\n\t\t\t\t\t<div class=\"icon-box-img\" style=\"width: 60px\">\n\t\t\t\t<div class=\"icon\">\n\t\t\t\t\t<div class=\"icon-inner\" >\n\t\t\t\t\t\t<img loading=\"lazy\" decoding=\"async\" width=\"200\" height=\"200\" src=\"https:\/\/holistickp.pl\/wp-content\/uploads\/2024\/08\/icon-efect.png\" class=\"attachment-medium size-medium\" alt=\"zielona ikonka diamentu\" srcset=\"https:\/\/holistickp.pl\/wp-content\/uploads\/2024\/08\/icon-efect.png 200w, https:\/\/holistickp.pl\/wp-content\/uploads\/2024\/08\/icon-efect-150x150.png 150w, https:\/\/holistickp.pl\/wp-content\/uploads\/2024\/08\/icon-efect-12x12.png 12w, https:\/\/holistickp.pl\/wp-content\/uploads\/2024\/08\/icon-efect-100x100.png 100w\" sizes=\"auto, (max-width: 200px) 100vw, 200px\" \/>\t\t\t\t\t<\/div>\n\t\t\t\t<\/div>\n\t\t\t<\/div>\n\t\t\t\t<div class=\"icon-box-text last-reset\">\n\t\t\t\t\t\t\t\t\t\n\n<h3>EFFECTS<\/h3>\n<ul>\n<li>Oval lift<\/li>\n<li>Reduction of wrinkles<\/li>\n<li>Poprawa proporcji i konturu twarzy<\/li>\n<li>Natural rejuvenating effect<\/li>\n<li>Hydration<\/li>\n<li>Filling<\/li>\n<li>Wyszczuplenie<\/li>\n<li>Uniesienie policzk\u00f3w<\/li>\n<li>Efekt V-lift<\/li>\n<\/ul>\n\n\t\t<\/div>\n\t<\/div>\n\t\n\t\n\n\t\t<\/div>\n\t\t\t\t\n<style>\n#col-1418417886 > .col-inner {\n  padding: 30px 20px 30px 20px;\n}\n<\/style>\n\t<\/div>\n\n\t\n\n\t<div id=\"col-1065374710\" class=\"col medium-6 small-12 large-6\"  >\n\t\t\t\t<div class=\"col-inner\"  >\n\t\t\t\n\t\t\t\n\n\t<div id=\"text-340408307\" class=\"text\">\n\t\t\n\n<h3><strong>Inaczej nazywany zabiegiem wolumetrii z u\u017cyciem kwasu hialuronowego<\/strong>.<\/h3>\n<p>To zabieg medycyny estetycznej polegaj\u0105cy na modelowaniu twarzy poprzez podanie usieciowanego kwasu hialuronowego w celu przywr\u00f3cenia obj\u0119to\u015bci, kt\u00f3ra z czasem mo\u017ce ulec utracie w wyniku starzenia si\u0119 sk\u00f3ry lub kwestii anatomicznych.<\/p>\n<p>Kwas hialuronowy jest naturalnie wyst\u0119puj\u0105c\u0105 substancj\u0105 w organizmie, kt\u00f3ra nawil\u017ca i uj\u0119drnia sk\u00f3r\u0119. Preparat mo\u017cna podawa\u0107 na wiele okolic, kt\u00f3re tego wymagaj\u0105.<\/p>\n<p>W naszej klinice dost\u0119pny jest autorski zabieg V-lift wolumetrii ca\u0142ej twarzy.\u00a0<\/p>\n\t\t\n<style>\n#text-340408307 {\n  font-size: 1rem;\n}\n@media (min-width:550px) {\n  #text-340408307 {\n    font-size: 1.5rem;\n  }\n}\n<\/style>\n\t<\/div>\n\t\n<div class=\"row\"  id=\"row-102349657\">\n\n\n\t<div id=\"col-1200719782\" class=\"col small-12 large-12\"  >\n\t\t\t\t<div class=\"col-inner text-center\"  >\n\t\t\t\n\t\t\t\n\n<a href=\"https:\/\/booksy.com\/pl-pl\/99585_holistic-karolina-prus-clinic_medycyna-estetyczna_6832_lublin\" class=\"button primary\" target=\"_blank\" rel=\"noopener\">\n    <span>APPOINTMENT BOOKING<\/span>\n  <\/a>\n\n\n\n\t\t<\/div>\n\t\t\t\t\t<\/div>\n\n\t\n\n<\/div>\n\n\t\t<\/div>\n\t\t\t\t\t<\/div>\n\n\t\n\n<\/div>\n<div class=\"row\"  id=\"row-1452495889\">\n\n\n\t<div id=\"col-42617909\" class=\"col small-12 large-12\"  >\n\t\t\t\t<div class=\"col-inner\"  >\n\t\t\t\n\t\t\t\n\n\t<div id=\"text-2117090923\" class=\"text\">\n\t\t\n\n<h2>MODELOWANIE UST<\/h2>\n\t\t\n<style>\n#text-2117090923 {\n  font-size: 1.4rem;\n  text-align: center;\n}\n<\/style>\n\t<\/div>\n\t\n\n\t\t<\/div>\n\t\t\t\t\t<\/div>\n\n\t\n\n<\/div>\n<div class=\"row\"  id=\"row-1559485827\">\n\n\n\t<div id=\"col-1700674313\" class=\"col medium-6 small-12 large-6\"  >\n\t\t\t\t<div class=\"col-inner box-shadow-3\"  >\n\t\t\t\n\t\t\t\n\n\n\t\t<div class=\"icon-box featured-box icon-box-left text-left\"  >\n\t\t\t\t\t<div class=\"icon-box-img\" style=\"width: 60px\">\n\t\t\t\t<div class=\"icon\">\n\t\t\t\t\t<div class=\"icon-inner\" >\n\t\t\t\t\t\t<img loading=\"lazy\" decoding=\"async\" width=\"200\" height=\"200\" src=\"https:\/\/holistickp.pl\/wp-content\/uploads\/2024\/07\/time-icon-1.png\" class=\"attachment-medium size-medium\" alt=\"ikonka zegara\" srcset=\"https:\/\/holistickp.pl\/wp-content\/uploads\/2024\/07\/time-icon-1.png 200w, https:\/\/holistickp.pl\/wp-content\/uploads\/2024\/07\/time-icon-1-150x150.png 150w, https:\/\/holistickp.pl\/wp-content\/uploads\/2024\/07\/time-icon-1-12x12.png 12w, https:\/\/holistickp.pl\/wp-content\/uploads\/2024\/07\/time-icon-1-100x100.png 100w\" sizes=\"auto, (max-width: 200px) 100vw, 200px\" \/>\t\t\t\t\t<\/div>\n\t\t\t\t<\/div>\n\t\t\t<\/div>\n\t\t\t\t<div class=\"icon-box-text last-reset\">\n\t\t\t\t\t\t\t\t\t\n\n<h3>DURATION<\/h3>\n<ul>\n<li>90min<\/li>\n<\/ul>\n\n\t\t<\/div>\n\t<\/div>\n\t\n\t\n\t<div id=\"gap-238443678\" class=\"gap-element clearfix\" style=\"display:block; height:auto;\">\n\t\t\n<style>\n#gap-238443678 {\n  padding-top: 50px;\n}\n<\/style>\n\t<\/div>\n\t\n\n\n\t\t<div class=\"icon-box featured-box icon-box-left text-left\"  >\n\t\t\t\t\t<div class=\"icon-box-img\" style=\"width: 60px\">\n\t\t\t\t<div class=\"icon\">\n\t\t\t\t\t<div class=\"icon-inner\" >\n\t\t\t\t\t\t<img loading=\"lazy\" decoding=\"async\" width=\"200\" height=\"200\" src=\"https:\/\/holistickp.pl\/wp-content\/uploads\/2024\/07\/wskazania-icon-1.png\" class=\"attachment-medium size-medium\" alt=\"ikonka zielonej strza\u0142ki skierowanej w prawo\" srcset=\"https:\/\/holistickp.pl\/wp-content\/uploads\/2024\/07\/wskazania-icon-1.png 200w, https:\/\/holistickp.pl\/wp-content\/uploads\/2024\/07\/wskazania-icon-1-150x150.png 150w, https:\/\/holistickp.pl\/wp-content\/uploads\/2024\/07\/wskazania-icon-1-12x12.png 12w, https:\/\/holistickp.pl\/wp-content\/uploads\/2024\/07\/wskazania-icon-1-100x100.png 100w\" sizes=\"auto, (max-width: 200px) 100vw, 200px\" \/>\t\t\t\t\t<\/div>\n\t\t\t\t<\/div>\n\t\t\t<\/div>\n\t\t\t\t<div class=\"icon-box-text last-reset\">\n\t\t\t\t\t\t\t\t\t\n\n<h3>INSULTS<\/h3>\n<ul>\n<li>Brak czerwieni wargowej<\/li>\n<li>Asymetria<\/li>\n<li>Usta bez konturu, ma\u0142e<\/li>\n<li>Spierzchni\u0119te, suche<\/li>\n<li>Wymagaj\u0105cej odm\u0142odzenia<\/li>\n<\/ul>\n\n\t\t<\/div>\n\t<\/div>\n\t\n\t\n\t<div id=\"gap-1872375558\" class=\"gap-element clearfix\" style=\"display:block; height:auto;\">\n\t\t\n<style>\n#gap-1872375558 {\n  padding-top: 50px;\n}\n<\/style>\n\t<\/div>\n\t\n\n\n\t\t<div class=\"icon-box featured-box icon-box-left text-left\"  >\n\t\t\t\t\t<div class=\"icon-box-img\" style=\"width: 60px\">\n\t\t\t\t<div class=\"icon\">\n\t\t\t\t\t<div class=\"icon-inner\" >\n\t\t\t\t\t\t<img loading=\"lazy\" decoding=\"async\" width=\"200\" height=\"200\" src=\"https:\/\/holistickp.pl\/wp-content\/uploads\/2024\/08\/icon-efect.png\" class=\"attachment-medium size-medium\" alt=\"zielona ikonka diamentu\" srcset=\"https:\/\/holistickp.pl\/wp-content\/uploads\/2024\/08\/icon-efect.png 200w, https:\/\/holistickp.pl\/wp-content\/uploads\/2024\/08\/icon-efect-150x150.png 150w, https:\/\/holistickp.pl\/wp-content\/uploads\/2024\/08\/icon-efect-12x12.png 12w, https:\/\/holistickp.pl\/wp-content\/uploads\/2024\/08\/icon-efect-100x100.png 100w\" sizes=\"auto, (max-width: 200px) 100vw, 200px\" \/>\t\t\t\t\t<\/div>\n\t\t\t\t<\/div>\n\t\t\t<\/div>\n\t\t\t\t<div class=\"icon-box-text last-reset\">\n\t\t\t\t\t\t\t\t\t\n\n<h3>EFFECTS<\/h3>\n<ul>\n<li>Powi\u0119kszone i soczysta usta<\/li>\n<li>Bez asymetrii<\/li>\n<li>Zaznaczony kontur ust<\/li>\n<li>Nawil\u017cone<\/li>\n<li>Poprawa kolorytu czerwieni wargowej<\/li>\n<li>Dopasowane do urody<\/li>\n<li>Nawil\u017cone<\/li>\n<\/ul>\n\n\t\t<\/div>\n\t<\/div>\n\t\n\t\n<div class=\"row\"  id=\"row-678124387\">\n\n\n\t<div id=\"col-1220763898\" class=\"col small-12 large-12\"  >\n\t\t\t\t<div class=\"col-inner\"  >\n\t\t\t\n\t\t\t\n\n\t<div id=\"gap-893953038\" class=\"gap-element clearfix\" style=\"display:block; height:auto;\">\n\t\t\n<style>\n#gap-893953038 {\n  padding-top: 50px;\n}\n<\/style>\n\t<\/div>\n\t\n\n<p style=\"text-indent: .1pt; margin: 0cm 3.85pt .0001pt 1.2pt;\"><span style=\"font-size: 11.0pt; font-family: 'Arial',sans-serif;\">Pierwsze modelowanie ust nale\u017cy powt\u00f3rzy\u0107 po 3-4 miesi\u0105cach w celu przed\u0142u\u017cenia efektu oraz ch\u0119ci budowania wi\u0119kszej obj\u0119to\u015bci. Dla utrzymania efektu kolejne nale\u017cy powtarza\u0107 co oko\u0142o 12 miesi\u0119cy, jednak jest to kwestia indywidualna zale\u017cna od naturalnie wyst\u0119puj\u0105cego enzymu hialuronidaza.\u00a0<\/span><\/p>\n\n\t\t<\/div>\n\t\t\t\t\t<\/div>\n\n\t\n\n<\/div>\n\n\t\t<\/div>\n\t\t\t\t\n<style>\n#col-1700674313 > .col-inner {\n  padding: 30px 20px 30px 20px;\n}\n<\/style>\n\t<\/div>\n\n\t\n\n\t<div id=\"col-894253750\" class=\"col medium-6 small-12 large-6\"  >\n\t\t\t\t<div class=\"col-inner\"  >\n\t\t\t\n\t\t\t\n\n\t<div id=\"text-1664267790\" class=\"text\">\n\t\t\n\n<p><strong>Modelowanie ust wykonywane jest za pomoc\u0105 kwasu hialuronowego.<\/strong><\/p>\n<p>Polega na precyzyjnym wstrzykiwaniu mikrodawek kwasu hialuronowego do czerwieni wargowej. Kszta\u0142t oraz dawka kwasu dobierana jest indywidualnie do upodoba\u0144 oraz wskaza\u0144 pacjenta.<\/p>\n<p>W zale\u017cno\u015bci od efektu jaki chcemy uzyska\u0107 mo\u017cemy u\u017cy\u0107 r\u00f3\u017cnego rodzaju kwasu hialuronowego. W naszej Klinice nie pracujemy jedn\u0105 metod\u0105.<\/p>\n<p>Metody s\u0105 \u0142\u0105czone i dobierane indywidualnie do osoby, jej anatomii oraz indywidualnych wskaza\u0144. Jest mo\u017cliwo\u015b\u0107 podania 0,5 ml kwasu lub 1 ml kwasu.<\/p>\n\t\t\n<style>\n#text-1664267790 {\n  font-size: 1rem;\n}\n@media (min-width:550px) {\n  #text-1664267790 {\n    font-size: 1.5rem;\n  }\n}\n<\/style>\n\t<\/div>\n\t\n<div class=\"row\"  id=\"row-1916548985\">\n\n\n\t<div id=\"col-1691285271\" class=\"col small-12 large-12\"  >\n\t\t\t\t<div class=\"col-inner text-center\"  >\n\t\t\t\n\t\t\t\n\n<a href=\"https:\/\/booksy.com\/pl-pl\/99585_holistic-karolina-prus-clinic_medycyna-estetyczna_6832_lublin\" class=\"button primary\" target=\"_blank\" rel=\"noopener\">\n    <span>APPOINTMENT BOOKING<\/span>\n  <\/a>\n\n\n\n\t\t<\/div>\n\t\t\t\t\t<\/div>\n\n\t\n\n<\/div>\n\n\t\t<\/div>\n\t\t\t\t\t<\/div>\n\n\t\n\n<\/div>\n\n\t\t<\/div>\n\n\t\t\n<style>\n#section_426886123 {\n  padding-top: 30px;\n  padding-bottom: 30px;\n}\n<\/style>\n\t<\/section>","protected":false},"excerpt":{"rendered":"","protected":false},"author":1,"featured_media":0,"parent":343,"menu_order":0,"comment_status":"closed","ping_status":"closed","template":"page-blank.php","meta":{"footnotes":""},"class_list":["post-644","page","type-page","status-publish","hentry"],"_links":{"self":[{"href":"https:\/\/holistickp.pl\/en\/wp-json\/wp\/v2\/pages\/644","targetHints":{"allow":["GET"]}}],"collection":[{"href":"https:\/\/holistickp.pl\/en\/wp-json\/wp\/v2\/pages"}],"about":[{"href":"https:\/\/holistickp.pl\/en\/wp-json\/wp\/v2\/types\/page"}],"author":[{"embeddable":true,"href":"https:\/\/holistickp.pl\/en\/wp-json\/wp\/v2\/users\/1"}],"replies":[{"embeddable":true,"href":"https:\/\/holistickp.pl\/en\/wp-json\/wp\/v2\/comments?post=644"}],"version-history":[{"count":5,"href":"https:\/\/holistickp.pl\/en\/wp-json\/wp\/v2\/pages\/644\/revisions"}],"predecessor-version":[{"id":955,"href":"https:\/\/holistickp.pl\/en\/wp-json\/wp\/v2\/pages\/644\/revisions\/955"}],"up":[{"embeddable":true,"href":"https:\/\/holistickp.pl\/en\/wp-json\/wp\/v2\/pages\/343"}],"wp:attachment":[{"href":"https:\/\/holistickp.pl\/en\/wp-json\/wp\/v2\/media?parent=644"}],"curies":[{"name":"wp","href":"https:\/\/api.w.org\/{rel}","templated":true}]}}