{"id":734,"date":"2024-11-19T21:53:21","date_gmt":"2024-11-19T20:53:21","guid":{"rendered":"https:\/\/holistickp.pl\/?page_id=734"},"modified":"2025-12-11T17:49:44","modified_gmt":"2025-12-11T16:49:44","slug":"mezoterapia-iglowa","status":"publish","type":"page","link":"https:\/\/holistickp.pl\/en\/zabiegi\/medycyna-estetyczna\/mezoterapia-iglowa\/","title":{"rendered":"Mezoterapia ig\u0142owa"},"content":{"rendered":"<section class=\"section\" id=\"section_1203878785\">\n\t\t<div class=\"bg section-bg fill bg-fill  bg-loaded\" >\n\n\t\t\t\n\t\t\t\n\t\t\t\n\n\t\t<\/div>\n\n\t\t\n\n\t\t<div class=\"section-content relative\">\n\t\t\t\n\n<div class=\"row row-collapse\"  id=\"row-207630871\">\n\n\n\t<div id=\"col-33411428\" class=\"col small-12 large-12\"  >\n\t\t\t\t<div class=\"col-inner\"  >\n\t\t\t\n\t\t\t\n\n\t<div id=\"text-3144017152\" class=\"text\">\n\t\t\n\n<h1>NEEDLE MESOTHERAPY<\/h1>\n\t\t\n<style>\n#text-3144017152 {\n  font-size: 1.4rem;\n  text-align: center;\n}\n<\/style>\n\t<\/div>\n\t\n\n\t\t<\/div>\n\t\t\t\t\t<\/div>\n\n\t\n\n<\/div>\n\n\t\t<\/div>\n\n\t\t\n<style>\n#section_1203878785 {\n  padding-top: 10px;\n  padding-bottom: 10px;\n}\n<\/style>\n\t<\/section>\n\t\n\t<section class=\"section\" id=\"section_52994878\">\n\t\t<div class=\"bg section-bg fill bg-fill  bg-loaded\" >\n\n\t\t\t\n\t\t\t\n\t\t\t\n\n\t\t<\/div>\n\n\t\t\n\n\t\t<div class=\"section-content relative\">\n\t\t\t\n\n<div class=\"row\"  id=\"row-923321148\">\n\n\n\t<div id=\"col-43475129\" class=\"col medium-6 small-12 large-6\"  >\n\t\t\t\t<div class=\"col-inner box-shadow-3\"  >\n\t\t\t\n\t\t\t\n\n\n\t\t<div class=\"icon-box featured-box icon-box-left text-left\"  >\n\t\t\t\t\t<div class=\"icon-box-img\" style=\"width: 60px\">\n\t\t\t\t<div class=\"icon\">\n\t\t\t\t\t<div class=\"icon-inner\" >\n\t\t\t\t\t\t<img loading=\"lazy\" decoding=\"async\" width=\"200\" height=\"200\" src=\"https:\/\/holistickp.pl\/wp-content\/uploads\/2024\/07\/wskazania-icon-1.png\" class=\"attachment-medium size-medium\" alt=\"ikonka zielonej strza\u0142ki skierowanej w prawo\" srcset=\"https:\/\/holistickp.pl\/wp-content\/uploads\/2024\/07\/wskazania-icon-1.png 200w, https:\/\/holistickp.pl\/wp-content\/uploads\/2024\/07\/wskazania-icon-1-150x150.png 150w, https:\/\/holistickp.pl\/wp-content\/uploads\/2024\/07\/wskazania-icon-1-12x12.png 12w, https:\/\/holistickp.pl\/wp-content\/uploads\/2024\/07\/wskazania-icon-1-100x100.png 100w\" sizes=\"auto, (max-width: 200px) 100vw, 200px\" \/>\t\t\t\t\t<\/div>\n\t\t\t\t<\/div>\n\t\t\t<\/div>\n\t\t\t\t<div class=\"icon-box-text last-reset\">\n\t\t\t\t\t\t\t\t\t\n\n<h3>INSULTS<\/h3>\n<ul>\n<li>Dry, dehydrated skin <\/li>\n<li>Wrinkles and loss of skin elasticity <\/li>\n<li>Scars, strengthening the therapy<\/li>\n<li>Discolouration, uneven skin tone <\/li>\n<li>Hair loss <\/li>\n<li>Cellulite and local fat accumulation <\/li>\n<li>Skin regeneration after sunbathing <\/li>\n<\/ul>\n\n\t\t<\/div>\n\t<\/div>\n\t\n\t\n\t<div id=\"gap-1799992217\" class=\"gap-element clearfix\" style=\"display:block; height:auto;\">\n\t\t\n<style>\n#gap-1799992217 {\n  padding-top: 50px;\n}\n<\/style>\n\t<\/div>\n\t\n\n\n\t\t<div class=\"icon-box featured-box icon-box-left text-left\"  >\n\t\t\t\t\t<div class=\"icon-box-img\" style=\"width: 60px\">\n\t\t\t\t<div class=\"icon\">\n\t\t\t\t\t<div class=\"icon-inner\" >\n\t\t\t\t\t\t<img loading=\"lazy\" decoding=\"async\" width=\"200\" height=\"200\" src=\"https:\/\/holistickp.pl\/wp-content\/uploads\/2024\/08\/icon-efect.png\" class=\"attachment-medium size-medium\" alt=\"zielona ikonka diamentu\" srcset=\"https:\/\/holistickp.pl\/wp-content\/uploads\/2024\/08\/icon-efect.png 200w, https:\/\/holistickp.pl\/wp-content\/uploads\/2024\/08\/icon-efect-150x150.png 150w, https:\/\/holistickp.pl\/wp-content\/uploads\/2024\/08\/icon-efect-12x12.png 12w, https:\/\/holistickp.pl\/wp-content\/uploads\/2024\/08\/icon-efect-100x100.png 100w\" sizes=\"auto, (max-width: 200px) 100vw, 200px\" \/>\t\t\t\t\t<\/div>\n\t\t\t\t<\/div>\n\t\t\t<\/div>\n\t\t\t\t<div class=\"icon-box-text last-reset\">\n\t\t\t\t\t\t\t\t\t\n\n<h3>EFFECTS<\/h3>\n<ul>\n<li>Moisturising the skin <\/li>\n<li>Regeneration<\/li>\n<li>Antiaging prophylaxis<\/li>\n<li>Improved elasticity and firmness <\/li>\n<li>Reduction of fine lines and wrinkles <\/li>\n<li>Brightening and improving skin tone <\/li>\n<li>Thickening of the hair, prevention of hair loss<\/li>\n<li>Treatment of cellulite and local fat deposits <\/li>\n<\/ul>\n\n\t\t<\/div>\n\t<\/div>\n\t\n\t\n\n\t\t<\/div>\n\t\t\t\t\n<style>\n#col-43475129 > .col-inner {\n  padding: 30px 20px 30px 20px;\n}\n<\/style>\n\t<\/div>\n\n\t\n\n\t<div id=\"col-789746230\" class=\"col medium-6 small-12 large-6\"  >\n\t\t\t\t<div class=\"col-inner\"  >\n\t\t\t\n\t\t\t\n\n\t<div id=\"text-1068335565\" class=\"text\">\n\t\t\n\n<h3><strong>Needle mesotherapy is a popular aesthetic medicine procedure<\/strong><\/h3>\n<p>Ppolega na wstrzykiwaniu \u015br\u00f3dsk\u00f3rnie odpowiednio dobranych koktajli zawieraj\u0105cych substancje aktywne, takie jak witaminy, aminokwasy, minera\u0142y, kwas hialuronowy czy peptydy.<\/p>\n<p>This treatment is used to improve skin condition, hydration, firmness, regeneration, as well as in the treatment of various skin problems. The preparation is selected individually depending on the patient's indications.<\/p>\n<p>It can be combined with most treatments. <strong>A series of treatments is recommended.<\/strong><\/p>\n\t\t\n<style>\n#text-1068335565 {\n  font-size: 1rem;\n}\n@media (min-width:550px) {\n  #text-1068335565 {\n    font-size: 1.5rem;\n  }\n}\n<\/style>\n\t<\/div>\n\t\n<div class=\"row\"  id=\"row-116568893\">\n\n\n\t<div id=\"col-213561831\" class=\"col small-12 large-12\"  >\n\t\t\t\t<div class=\"col-inner text-center\"  >\n\t\t\t\n\t\t\t\n\n<a href=\"https:\/\/booksy.com\/pl-pl\/99585_holistic-karolina-prus-clinic_medycyna-estetyczna_6832_lublin\" class=\"button primary\" target=\"_blank\" rel=\"noopener\">\n    <span>APPOINTMENT BOOKING<\/span>\n  <\/a>\n\n\n\n\t\t<\/div>\n\t\t\t\t\t<\/div>\n\n\t\n\n<\/div>\n\n\t\t<\/div>\n\t\t\t\t\t<\/div>\n\n\t\n\n<\/div>\n\n\t\t<\/div>\n\n\t\t\n<style>\n#section_52994878 {\n  padding-top: 30px;\n  padding-bottom: 30px;\n}\n<\/style>\n\t<\/section>","protected":false},"excerpt":{"rendered":"","protected":false},"author":1,"featured_media":0,"parent":343,"menu_order":0,"comment_status":"closed","ping_status":"closed","template":"page-blank.php","meta":{"footnotes":""},"class_list":["post-734","page","type-page","status-publish","hentry"],"_links":{"self":[{"href":"https:\/\/holistickp.pl\/en\/wp-json\/wp\/v2\/pages\/734","targetHints":{"allow":["GET"]}}],"collection":[{"href":"https:\/\/holistickp.pl\/en\/wp-json\/wp\/v2\/pages"}],"about":[{"href":"https:\/\/holistickp.pl\/en\/wp-json\/wp\/v2\/types\/page"}],"author":[{"embeddable":true,"href":"https:\/\/holistickp.pl\/en\/wp-json\/wp\/v2\/users\/1"}],"replies":[{"embeddable":true,"href":"https:\/\/holistickp.pl\/en\/wp-json\/wp\/v2\/comments?post=734"}],"version-history":[{"count":3,"href":"https:\/\/holistickp.pl\/en\/wp-json\/wp\/v2\/pages\/734\/revisions"}],"predecessor-version":[{"id":960,"href":"https:\/\/holistickp.pl\/en\/wp-json\/wp\/v2\/pages\/734\/revisions\/960"}],"up":[{"embeddable":true,"href":"https:\/\/holistickp.pl\/en\/wp-json\/wp\/v2\/pages\/343"}],"wp:attachment":[{"href":"https:\/\/holistickp.pl\/en\/wp-json\/wp\/v2\/media?parent=734"}],"curies":[{"name":"wp","href":"https:\/\/api.w.org\/{rel}","templated":true}]}}