{"id":749,"date":"2024-11-19T22:06:14","date_gmt":"2024-11-19T21:06:14","guid":{"rendered":"https:\/\/holistickp.pl\/?page_id=749"},"modified":"2025-12-11T17:53:41","modified_gmt":"2025-12-11T16:53:41","slug":"radiofrekwencja-mikroiglowa","status":"publish","type":"page","link":"https:\/\/holistickp.pl\/en\/zabiegi\/medycyna-estetyczna\/radiofrekwencja-mikroiglowa\/","title":{"rendered":"Radiofrekwencja mikroig\u0142owa"},"content":{"rendered":"<section class=\"section\" id=\"section_90129083\">\n\t\t<div class=\"bg section-bg fill bg-fill  bg-loaded\" >\n\n\t\t\t\n\t\t\t\n\t\t\t\n\n\t\t<\/div>\n\n\t\t\n\n\t\t<div class=\"section-content relative\">\n\t\t\t\n\n<div class=\"row row-collapse\"  id=\"row-1670735326\">\n\n\n\t<div id=\"col-865911560\" class=\"col small-12 large-12\"  >\n\t\t\t\t<div class=\"col-inner\"  >\n\t\t\t\n\t\t\t\n\n\t<div id=\"text-3179673371\" class=\"text\">\n\t\t\n\n<h1>RADIOFREKWENCJA MIKROIG\u0141OWA\u00a0<\/h1>\n\t\t\n<style>\n#text-3179673371 {\n  font-size: 1.4rem;\n  text-align: center;\n}\n<\/style>\n\t<\/div>\n\t\n\n\t\t<\/div>\n\t\t\t\t\t<\/div>\n\n\t\n\n<\/div>\n\n\t\t<\/div>\n\n\t\t\n<style>\n#section_90129083 {\n  padding-top: 10px;\n  padding-bottom: 10px;\n}\n<\/style>\n\t<\/section>\n\t\n\t<section class=\"section\" id=\"section_1932477820\">\n\t\t<div class=\"bg section-bg fill bg-fill  bg-loaded\" >\n\n\t\t\t\n\t\t\t\n\t\t\t\n\n\t\t<\/div>\n\n\t\t\n\n\t\t<div class=\"section-content relative\">\n\t\t\t\n\n<div class=\"row\"  id=\"row-1024939182\">\n\n\n\t<div id=\"col-990895452\" class=\"col medium-6 small-12 large-6\"  >\n\t\t\t\t<div class=\"col-inner box-shadow-3\"  >\n\t\t\t\n\t\t\t\n\n\n\t\t<div class=\"icon-box featured-box icon-box-left text-left\"  >\n\t\t\t\t\t<div class=\"icon-box-img\" style=\"width: 60px\">\n\t\t\t\t<div class=\"icon\">\n\t\t\t\t\t<div class=\"icon-inner\" >\n\t\t\t\t\t\t<img loading=\"lazy\" decoding=\"async\" width=\"200\" height=\"200\" src=\"https:\/\/holistickp.pl\/wp-content\/uploads\/2024\/07\/wskazania-icon-1.png\" class=\"attachment-medium size-medium\" alt=\"ikonka zielonej strza\u0142ki skierowanej w prawo\" srcset=\"https:\/\/holistickp.pl\/wp-content\/uploads\/2024\/07\/wskazania-icon-1.png 200w, https:\/\/holistickp.pl\/wp-content\/uploads\/2024\/07\/wskazania-icon-1-150x150.png 150w, https:\/\/holistickp.pl\/wp-content\/uploads\/2024\/07\/wskazania-icon-1-12x12.png 12w, https:\/\/holistickp.pl\/wp-content\/uploads\/2024\/07\/wskazania-icon-1-100x100.png 100w\" sizes=\"auto, (max-width: 200px) 100vw, 200px\" \/>\t\t\t\t\t<\/div>\n\t\t\t\t<\/div>\n\t\t\t<\/div>\n\t\t\t\t<div class=\"icon-box-text last-reset\">\n\t\t\t\t\t\t\t\t\t\n\n<h3>INSULTS<\/h3>\n<ul>\n<li>Wrinkles and fine lines <\/li>\n<li>Wiotka, cienka sk\u00f3ra na twarzy oraz ciele <\/li>\n<li>Scars <\/li>\n<li>Dilated pores<\/li>\n<li>Discolouration and uneven skin tone<\/li>\n<li>Stretch marks <\/li>\n<li>Opadaj\u0105cy owal twarzy<\/li>\n<li>Antiaging prophylaxis <\/li>\n<li>Wiotka sk\u00f3ra na ciele<\/li>\n<li>Adipose tissue<\/li>\n<\/ul>\n\n\t\t<\/div>\n\t<\/div>\n\t\n\t\n\t<div id=\"gap-686748453\" class=\"gap-element clearfix\" style=\"display:block; height:auto;\">\n\t\t\n<style>\n#gap-686748453 {\n  padding-top: 50px;\n}\n<\/style>\n\t<\/div>\n\t\n\n\n\t\t<div class=\"icon-box featured-box icon-box-left text-left\"  >\n\t\t\t\t\t<div class=\"icon-box-img\" style=\"width: 60px\">\n\t\t\t\t<div class=\"icon\">\n\t\t\t\t\t<div class=\"icon-inner\" >\n\t\t\t\t\t\t<img loading=\"lazy\" decoding=\"async\" width=\"200\" height=\"200\" src=\"https:\/\/holistickp.pl\/wp-content\/uploads\/2024\/08\/icon-efect.png\" class=\"attachment-medium size-medium\" alt=\"zielona ikonka diamentu\" srcset=\"https:\/\/holistickp.pl\/wp-content\/uploads\/2024\/08\/icon-efect.png 200w, https:\/\/holistickp.pl\/wp-content\/uploads\/2024\/08\/icon-efect-150x150.png 150w, https:\/\/holistickp.pl\/wp-content\/uploads\/2024\/08\/icon-efect-12x12.png 12w, https:\/\/holistickp.pl\/wp-content\/uploads\/2024\/08\/icon-efect-100x100.png 100w\" sizes=\"auto, (max-width: 200px) 100vw, 200px\" \/>\t\t\t\t\t<\/div>\n\t\t\t\t<\/div>\n\t\t\t<\/div>\n\t\t\t\t<div class=\"icon-box-text last-reset\">\n\t\t\t\t\t\t\t\t\t\n\n<h3>EFFECTS<\/h3>\n<ul>\n<li>Uj\u0119drnienie sk\u00f3ry <\/li>\n<li>Thickening of the skin <\/li>\n<li>Reduction of wrinkles <\/li>\n<li>Improving skin texture<\/li>\n<li>Zmniejszenie blizn i rozst\u0119p\u00f3w <\/li>\n<li>Zmniejszenie por\u00f3w <\/li>\n<li>Uniformity of skin tone<\/li>\n<li>Fat reduction<\/li>\n<\/ul>\n\n\t\t<\/div>\n\t<\/div>\n\t\n\t\n\n\t\t<\/div>\n\t\t\t\t\n<style>\n#col-990895452 > .col-inner {\n  padding: 30px 20px 30px 20px;\n}\n<\/style>\n\t<\/div>\n\n\t\n\n\t<div id=\"col-226048294\" class=\"col medium-6 small-12 large-6\"  >\n\t\t\t\t<div class=\"col-inner\"  >\n\t\t\t\n\t\t\t\n\n\t<div id=\"text-4015709972\" class=\"text\">\n\t\t\n\n<h3><strong>Radiofrekwencja mikroig\u0142owa to zaawansowany zabieg medycyny estetycznej<\/strong>,<\/h3>\n<p>\u0141\u0105czy dwie technologie: mikronak\u0142uwanie sk\u00f3ry i dzia\u0142anie fal radiowych (RF). To po\u0142\u0105czenie umo\u017cliwia g\u0142\u0119bok\u0105 regeneracj\u0119 sk\u00f3ry, popraw\u0119 jej struktury, uj\u0119drnienie oraz redukcj\u0119 blizn, zmarszczek czy rozszerzonych por\u00f3w. Zabieg jest szczeg\u00f3lnie skuteczny w walce z oznakami starzenia.<\/p>\n<p>Mikroig\u0142y penetruj\u0105 sk\u00f3r\u0119 na okre\u015blon\u0105 g\u0142\u0119boko\u015b\u0107, wytwarzaj\u0105c mikrouszkodzenia, kt\u00f3re stymuluj\u0105 naturalne procesy regeneracyjne sk\u00f3ry, w tym produkcj\u0119 kolagenu i elastyny.<\/p>\n<p>Fale radiowe generuj\u0105 ciep\u0142o w g\u0142\u0119bszych warstwach sk\u00f3ry, co prowadzi do obkurczania si\u0119 rozci\u0105gni\u0119tych w\u0142\u00f3kien kolagenowych oraz stymulacj\u0119 produkcji nowych.<\/p>\n\t\t\n<style>\n#text-4015709972 {\n  font-size: 1rem;\n}\n@media (min-width:550px) {\n  #text-4015709972 {\n    font-size: 1.5rem;\n  }\n}\n<\/style>\n\t<\/div>\n\t\n<div class=\"row\"  id=\"row-94200567\">\n\n\n\t<div id=\"col-359270005\" class=\"col small-12 large-12\"  >\n\t\t\t\t<div class=\"col-inner text-center\"  >\n\t\t\t\n\t\t\t\n\n<a href=\"https:\/\/booksy.com\/pl-pl\/99585_holistic-karolina-prus-clinic_medycyna-estetyczna_6832_lublin\" class=\"button primary\" target=\"_blank\" rel=\"noopener\">\n    <span>APPOINTMENT BOOKING<\/span>\n  <\/a>\n\n\n\n\t\t<\/div>\n\t\t\t\t\t<\/div>\n\n\t\n\n<\/div>\n\n\t\t<\/div>\n\t\t\t\t\t<\/div>\n\n\t\n\n<\/div>\n\n\t\t<\/div>\n\n\t\t\n<style>\n#section_1932477820 {\n  padding-top: 30px;\n  padding-bottom: 30px;\n}\n<\/style>\n\t<\/section>","protected":false},"excerpt":{"rendered":"","protected":false},"author":1,"featured_media":0,"parent":343,"menu_order":0,"comment_status":"closed","ping_status":"closed","template":"page-blank.php","meta":{"footnotes":""},"class_list":["post-749","page","type-page","status-publish","hentry"],"_links":{"self":[{"href":"https:\/\/holistickp.pl\/en\/wp-json\/wp\/v2\/pages\/749","targetHints":{"allow":["GET"]}}],"collection":[{"href":"https:\/\/holistickp.pl\/en\/wp-json\/wp\/v2\/pages"}],"about":[{"href":"https:\/\/holistickp.pl\/en\/wp-json\/wp\/v2\/types\/page"}],"author":[{"embeddable":true,"href":"https:\/\/holistickp.pl\/en\/wp-json\/wp\/v2\/users\/1"}],"replies":[{"embeddable":true,"href":"https:\/\/holistickp.pl\/en\/wp-json\/wp\/v2\/comments?post=749"}],"version-history":[{"count":3,"href":"https:\/\/holistickp.pl\/en\/wp-json\/wp\/v2\/pages\/749\/revisions"}],"predecessor-version":[{"id":963,"href":"https:\/\/holistickp.pl\/en\/wp-json\/wp\/v2\/pages\/749\/revisions\/963"}],"up":[{"embeddable":true,"href":"https:\/\/holistickp.pl\/en\/wp-json\/wp\/v2\/pages\/343"}],"wp:attachment":[{"href":"https:\/\/holistickp.pl\/en\/wp-json\/wp\/v2\/media?parent=749"}],"curies":[{"name":"wp","href":"https:\/\/api.w.org\/{rel}","templated":true}]}}