{"id":806,"date":"2024-12-02T14:23:09","date_gmt":"2024-12-02T13:23:09","guid":{"rendered":"https:\/\/holistickp.pl\/?page_id=806"},"modified":"2025-12-11T18:15:42","modified_gmt":"2025-12-11T17:15:42","slug":"szkolenie-stymulatory-tkankowe","status":"publish","type":"page","link":"https:\/\/holistickp.pl\/en\/szkolenia\/szkolenie-stymulatory-tkankowe\/","title":{"rendered":"Szkolenie stymulatory tkankowe"},"content":{"rendered":"<section class=\"section\" id=\"section_1612654715\">\n\t\t<div class=\"bg section-bg fill bg-fill  bg-loaded\" >\n\n\t\t\t\n\t\t\t\n\t\t\t\n\n\t\t<\/div>\n\n\t\t\n\n\t\t<div class=\"section-content relative\">\n\t\t\t\n\n<div class=\"row row-collapse\"  id=\"row-1595318434\">\n\n\n\t<div id=\"col-1601933465\" class=\"col small-12 large-12\"  >\n\t\t\t\t<div class=\"col-inner\"  >\n\t\t\t\n\t\t\t\n\n\t<div id=\"text-1850512208\" class=\"text\">\n\t\t\n\n<h1>SZKOLENIE BASIC BIOSTYMULATORY TKANKOWE<\/h1>\n<div id=\"gtx-trans\" style=\"position: absolute; left: 163px; top: -4.89062px;\">\n<div class=\"gtx-trans-icon\">\u00a0<\/div>\n<\/div>\n\t\t\n<style>\n#text-1850512208 {\n  font-size: 1.4rem;\n  text-align: center;\n}\n<\/style>\n\t<\/div>\n\t\n\n\t\t<\/div>\n\t\t\t\t\t<\/div>\n\n\t\n\n<\/div>\n\n\t\t<\/div>\n\n\t\t\n<style>\n#section_1612654715 {\n  padding-top: 10px;\n  padding-bottom: 10px;\n}\n<\/style>\n\t<\/section>\n\t\n\t<section class=\"section\" id=\"section_707593618\">\n\t\t<div class=\"bg section-bg fill bg-fill  bg-loaded\" >\n\n\t\t\t\n\t\t\t\n\t\t\t\n\n\t\t<\/div>\n\n\t\t\n\n\t\t<div class=\"section-content relative\">\n\t\t\t\n\n<div class=\"row\"  id=\"row-2083583712\">\n\n\n\t<div id=\"col-1598132709\" class=\"col small-12 large-12\"  >\n\t\t\t\t<div class=\"col-inner box-shadow-3\"  >\n\t\t\t\n\t\t\t\n\n\t<div id=\"text-609588922\" class=\"text\">\n\t\t\n\n<ol>\n<li>Biostymulatory tkankowe.<\/li>\n<li>\n<h3>Podstawy stymulacji.<\/h3>\n<\/li>\n<li>\n<h3>Mechanizm dzia\u0142ania stymulator\u00f3w tkankowych.<\/h3>\n<\/li>\n<li>\n<h3>Wskazania do zabiegu.<\/h3>\n<\/li>\n<li>\n<h3>Konsultacja idealna.<\/h3>\n<\/li>\n<li>\n<h3>Przeciwskazania do zabiegu.<\/h3>\n<\/li>\n<li>\n<h3>Bezpiecze\u0144stwo zabiegowe.<\/h3>\n<\/li>\n<li>\n<h3>Septyka i antyseptyka.<\/h3>\n<\/li>\n<li>\n<h3>Substancje stymuluj\u0105ce w preparatach.<\/h3>\n<\/li>\n<li>\n<h3>Z czym i jak \u0142\u0105czy\u0107 stymulatory.<\/h3>\n<\/li>\n<li>\n<h3>Gdzie podawa\u0107 stymulatory by uzyska\u0107 porz\u0105dane efekty.<\/h3>\n<\/li>\n<li>\n<h3>Polinukleotydy.<\/h3>\n<\/li>\n<li>\n<h3>Kwas polimlekowy.<\/h3>\n<\/li>\n<li>\n<h3>Kwas hialuronowy i aminokwasy.<\/h3>\n<\/li>\n<li>\n<h3>Kolagen.<\/h3>\n<\/li>\n<li>\n<h3>Mo\u017cliwe powik\u0142ania zabiegowe.<\/h3>\n<\/li>\n<li>\n<h3>Jak sobie radzi\u0107 z powik\u0142aniami.<\/h3>\n<\/li>\n<li>\n<h3>Zalecenia pozabiegowe.<\/h3>\n<\/li>\n<li>\n<h3>Praca z modelkami- wykonanie rysunk\u00f3w i zabieg\u00f3w pod okiem szkoleniowca<\/h3>\n<\/li>\n<\/ol>\n\t\t\n<style>\n#text-609588922 {\n  font-size: 1rem;\n}\n@media (min-width:550px) {\n  #text-609588922 {\n    font-size: 1rem;\n  }\n}\n@media (min-width:850px) {\n  #text-609588922 {\n    font-size: 1.5rem;\n  }\n}\n<\/style>\n\t<\/div>\n\t\n<div class=\"row\"  id=\"row-1356767781\">\n\n\n\t<div id=\"col-1368107083\" class=\"col small-12 large-12\"  >\n\t\t\t\t<div class=\"col-inner\"  >\n\t\t\t\n\t\t\t\n\n<a href=\"https:\/\/holistickp.pl\/kontakt\/\" class=\"button primary\"  >\n    <span>REGISTER<\/span>\n  <\/a>\n\n\n\n\t\t<\/div>\n\t\t\t\t\t<\/div>\n\n\t\n\n<\/div>\n\n\t\t<\/div>\n\t\t\t\t\n<style>\n#col-1598132709 > .col-inner {\n  padding: 30px 20px 30px 20px;\n}\n<\/style>\n\t<\/div>\n\n\t\n\n<\/div>\n\n\t\t<\/div>\n\n\t\t\n<style>\n#section_707593618 {\n  padding-top: 30px;\n  padding-bottom: 30px;\n}\n<\/style>\n\t<\/section>","protected":false},"excerpt":{"rendered":"","protected":false},"author":1,"featured_media":0,"parent":189,"menu_order":0,"comment_status":"closed","ping_status":"closed","template":"page-blank.php","meta":{"footnotes":""},"class_list":["post-806","page","type-page","status-publish","hentry"],"_links":{"self":[{"href":"https:\/\/holistickp.pl\/en\/wp-json\/wp\/v2\/pages\/806","targetHints":{"allow":["GET"]}}],"collection":[{"href":"https:\/\/holistickp.pl\/en\/wp-json\/wp\/v2\/pages"}],"about":[{"href":"https:\/\/holistickp.pl\/en\/wp-json\/wp\/v2\/types\/page"}],"author":[{"embeddable":true,"href":"https:\/\/holistickp.pl\/en\/wp-json\/wp\/v2\/users\/1"}],"replies":[{"embeddable":true,"href":"https:\/\/holistickp.pl\/en\/wp-json\/wp\/v2\/comments?post=806"}],"version-history":[{"count":3,"href":"https:\/\/holistickp.pl\/en\/wp-json\/wp\/v2\/pages\/806\/revisions"}],"predecessor-version":[{"id":976,"href":"https:\/\/holistickp.pl\/en\/wp-json\/wp\/v2\/pages\/806\/revisions\/976"}],"up":[{"embeddable":true,"href":"https:\/\/holistickp.pl\/en\/wp-json\/wp\/v2\/pages\/189"}],"wp:attachment":[{"href":"https:\/\/holistickp.pl\/en\/wp-json\/wp\/v2\/media?parent=806"}],"curies":[{"name":"wp","href":"https:\/\/api.w.org\/{rel}","templated":true}]}}